{"id":9847,"date":"2023-03-23T15:38:41","date_gmt":"2023-03-23T14:38:41","guid":{"rendered":"https:\/\/mstchemicals.com\/certificazioni\/"},"modified":"2026-04-24T13:20:54","modified_gmt":"2026-04-24T12:20:54","slug":"certificazioni","status":"publish","type":"page","link":"https:\/\/mstchemicals.com\/it\/trattamenti-finitura-metallica-impianti-riutilizzo-acqua\/certificazioni\/","title":{"rendered":"Certificazioni"},"content":{"rendered":"<section class=\"l-section wpb_row riga-research height_medium\"><div class=\"l-section-h i-cf\"><div class=\"g-cols via_flex valign_top type_default\"><div class=\"vc_col-sm-8 wpb_column vc_column_container\" id=\"main-certificazione\"><div class=\"vc_column-inner\"><div class=\"wpb_wrapper\"><h1 class=\"w-post-elm post_title prodotti-titolo align_left entry-title color_link_inherit\">Certificazioni<\/h1><div class=\"w-separator size_small\"><\/div><div class=\"wpb_text_column\"><div class=\"wpb_wrapper\"><p><strong>MST CHEMICALS<\/strong>, nel suo costante lavoro di sviluppo di prodotti chimici e soluzioni per il trattamento delle superfici metalliche e delle acque reflue, ha sempre creduto che la qualit\u00e0 venisse prima di tutto.<br \/>\nEcco perch\u00e9 siamo lieti di informare che <strong>MST CHEMICALS<\/strong> \u00e8 accreditata <strong>ISO 9001<\/strong>.<\/p>\n<p>La qualit\u00e0 prima di tutto!<\/p>\n<\/div><\/div><div class=\"w-separator size_small\"><\/div><div class=\"g-cols wpb_row us_custom_31780e0c via_flex valign_top type_default\" style=\"--additional-gap:15px;\"><div class=\"vc_col-sm-6 wpb_column vc_column_container box-certificazione has_bg_color\"><div class=\"vc_column-inner us_custom_9966b623\"><div class=\"wpb_wrapper\"><div class=\"wpb_text_column us_custom_6df4bc3a has_text_color\"><div class=\"wpb_wrapper\"><p style=\"text-align: center;\"><strong>UNI EN ISO 9001 2015<br \/>\n<\/strong>Reg. n.2317298<\/p>\n<\/div><\/div><div class=\"w-separator size_small\"><\/div><div class=\"w-btn-wrapper align_center\"><a class=\"w-btn us-btn-style_2\" target=\"_blank\" href=\"\/wp-content\/uploads\/MST-CHEMICALS-SRL_ISO-9001-2015_CERTI-entro-scadenza_ENG_compressed.pdf\" rel=\"noopener\"><span class=\"w-btn-label\">Scarica<\/span><\/a><\/div><\/div><\/div><\/div><div class=\"vc_col-sm-6 wpb_column vc_column_container\"><div class=\"vc_column-inner\"><div class=\"wpb_wrapper\"><\/div><\/div><\/div><\/div><div class=\"w-separator size_small\"><\/div><\/div><\/div><\/div><div class=\"vc_col-sm-4 wpb_column vc_column_container colonna-research-immagini\"><div class=\"vc_column-inner\"><div class=\"wpb_wrapper\"><div class=\"w-image align_center\"><div class=\"w-image-h\"><img loading=\"lazy\" decoding=\"async\" width=\"724\" height=\"1024\" src=\"https:\/\/mstchemicals.com\/wp-content\/uploads\/MST-CHEMICALS-SRL_ISO-9001-2015_CERTI-entro-scadenza_ENG_page-0001-1-724x1024.jpg\" class=\"attachment-large size-large\" alt=\"\" srcset=\"https:\/\/mstchemicals.com\/wp-content\/uploads\/MST-CHEMICALS-SRL_ISO-9001-2015_CERTI-entro-scadenza_ENG_page-0001-1-724x1024.jpg 724w, https:\/\/mstchemicals.com\/wp-content\/uploads\/MST-CHEMICALS-SRL_ISO-9001-2015_CERTI-entro-scadenza_ENG_page-0001-1-212x300.jpg 212w, https:\/\/mstchemicals.com\/wp-content\/uploads\/MST-CHEMICALS-SRL_ISO-9001-2015_CERTI-entro-scadenza_ENG_page-0001-1-1086x1536.jpg 1086w, https:\/\/mstchemicals.com\/wp-content\/uploads\/MST-CHEMICALS-SRL_ISO-9001-2015_CERTI-entro-scadenza_ENG_page-0001-1.jpg 1241w\" sizes=\"auto, (max-width: 724px) 100vw, 724px\" \/><\/div><\/div><\/div><\/div><\/div><\/div><\/div><\/section><section class=\"l-section wpb_row cta-riga-blocco height_medium width_full\"><div class=\"l-section-h i-cf\"><div class=\"g-cols via_flex valign_top type_default\"><div class=\"vc_col-sm-12 wpb_column vc_column_container\"><div class=\"vc_column-inner\"><div class=\"wpb_wrapper\"><section class=\"l-section wpb_row height_small color_primary\" id=\"fourth\"><div class=\"l-section-h i-cf\"><div class=\"g-cols via_flex valign_top type_default\"><div class=\"vc_col-sm-12 wpb_column vc_column_container\"><div class=\"vc_column-inner\"><div class=\"wpb_wrapper\"><div class=\"w-actionbox cta-contact color_primary controls_right\"><div class=\"w-actionbox-text\"><p class=\"w-actionbox-title\">Hai delle domande?<\/p><div class=\"w-actionbox-description\"><p>Se hai domande o hai bisogno di ulteriori informazioni, clicca il pulsante qui sotto e compila il modulo di contatto.<\/p>\n<\/div><\/div><div class=\"w-actionbox-controls\"><a class=\"w-btn us-btn-style_4\" title=\"Contattaci\" href=\"\/it\/contact\/\" style=\"font-size:1rem;\"><span class=\"w-btn-label\">Contattaci<\/span><\/a><a class=\"w-btn us-btn-style_2\" href=\"tel:+390298264351\"><span class=\"w-btn-label\">Chiamaci<\/span><\/a><\/div><\/div><\/div><\/div><\/div><\/div><\/div><\/section>\n<\/div><\/div><\/div><\/div><\/div><\/section>\n","protected":false},"excerpt":{"rendered":"CertificazioniMST CHEMICALS, nel suo costante lavoro di sviluppo di prodotti chimici e soluzioni per il trattamento delle superfici metalliche e delle acque reflue, ha sempre creduto che la qualit\u00e0 venisse prima di tutto. Ecco perch\u00e9 siamo lieti di informare che MST CHEMICALS \u00e8 accreditata ISO 9001. La qualit\u00e0 prima di tutto! UNI EN ISO 9001...","protected":false},"author":1,"featured_media":0,"parent":9816,"menu_order":0,"comment_status":"closed","ping_status":"closed","template":"","meta":{"footnotes":""},"categories":[],"tags":[],"class_list":["post-9847","page","type-page","status-publish","hentry"],"yoast_head":"<!-- This site is optimized with the Yoast SEO plugin v27.6 - https:\/\/yoast.com\/product\/yoast-seo-wordpress\/ -->\n<title>Certificazioni | MST Chemicals<\/title>\n<meta name=\"description\" content=\"Nello sviluppo di prodotti chimici e soluzioni per le acque reflue, MST ha sempre creduto che la qualit\u00e0 fosse al primo posto, ed \u00e8 accreditata ISO 9001.\" \/>\n<meta name=\"robots\" content=\"index, follow, max-snippet:-1, max-image-preview:large, max-video-preview:-1\" \/>\n<link rel=\"canonical\" href=\"https:\/\/mstchemicals.com\/it\/trattamenti-finitura-metallica-impianti-riutilizzo-acqua\/certificazioni\/\" \/>\n<meta property=\"og:locale\" content=\"it_IT\" \/>\n<meta property=\"og:type\" content=\"article\" \/>\n<meta property=\"og:title\" content=\"Certificazioni | MST Chemicals\" \/>\n<meta property=\"og:description\" content=\"Nello sviluppo di prodotti chimici e soluzioni per le acque reflue, MST ha sempre creduto che la qualit\u00e0 fosse al primo posto, ed \u00e8 accreditata ISO 9001.\" \/>\n<meta property=\"og:url\" content=\"https:\/\/mstchemicals.com\/it\/trattamenti-finitura-metallica-impianti-riutilizzo-acqua\/certificazioni\/\" \/>\n<meta property=\"og:site_name\" content=\"MST Chemicals\" \/>\n<meta property=\"article:modified_time\" content=\"2026-04-24T12:20:54+00:00\" \/>\n<meta name=\"twitter:card\" content=\"summary_large_image\" \/>\n<meta name=\"twitter:label1\" content=\"Tempo di lettura stimato\" \/>\n\t<meta name=\"twitter:data1\" content=\"1 minuto\" \/>\n<script type=\"application\/ld+json\" class=\"yoast-schema-graph\">{\"@context\":\"https:\\\/\\\/schema.org\",\"@graph\":[{\"@type\":\"WebPage\",\"@id\":\"https:\\\/\\\/mstchemicals.com\\\/it\\\/trattamenti-finitura-metallica-impianti-riutilizzo-acqua\\\/certificazioni\\\/\",\"url\":\"https:\\\/\\\/mstchemicals.com\\\/it\\\/trattamenti-finitura-metallica-impianti-riutilizzo-acqua\\\/certificazioni\\\/\",\"name\":\"Certificazioni | MST Chemicals\",\"isPartOf\":{\"@id\":\"https:\\\/\\\/mstchemicals.com\\\/it\\\/#website\"},\"datePublished\":\"2023-03-23T14:38:41+00:00\",\"dateModified\":\"2026-04-24T12:20:54+00:00\",\"description\":\"Nello sviluppo di prodotti chimici e soluzioni per le acque reflue, MST ha sempre creduto che la qualit\u00e0 fosse al primo posto, ed \u00e8 accreditata ISO 9001.\",\"breadcrumb\":{\"@id\":\"https:\\\/\\\/mstchemicals.com\\\/it\\\/trattamenti-finitura-metallica-impianti-riutilizzo-acqua\\\/certificazioni\\\/#breadcrumb\"},\"inLanguage\":\"it-IT\",\"potentialAction\":[{\"@type\":\"ReadAction\",\"target\":[\"https:\\\/\\\/mstchemicals.com\\\/it\\\/trattamenti-finitura-metallica-impianti-riutilizzo-acqua\\\/certificazioni\\\/\"]}]},{\"@type\":\"BreadcrumbList\",\"@id\":\"https:\\\/\\\/mstchemicals.com\\\/it\\\/trattamenti-finitura-metallica-impianti-riutilizzo-acqua\\\/certificazioni\\\/#breadcrumb\",\"itemListElement\":[{\"@type\":\"ListItem\",\"position\":1,\"name\":\"Home\",\"item\":\"https:\\\/\\\/mstchemicals.com\\\/it\\\/\"},{\"@type\":\"ListItem\",\"position\":2,\"name\":\"Chi Siamo\",\"item\":\"https:\\\/\\\/mstchemicals.com\\\/it\\\/treatments-metal-finishing-water-reuse-plants\\\/\"},{\"@type\":\"ListItem\",\"position\":3,\"name\":\"Certificazioni\"}]},{\"@type\":\"WebSite\",\"@id\":\"https:\\\/\\\/mstchemicals.com\\\/it\\\/#website\",\"url\":\"https:\\\/\\\/mstchemicals.com\\\/it\\\/\",\"name\":\"MST Chemicals\",\"description\":\"Chemicals and Technologies for waste Water treatment &amp; Zero Liquid Discharge\",\"potentialAction\":[{\"@type\":\"SearchAction\",\"target\":{\"@type\":\"EntryPoint\",\"urlTemplate\":\"https:\\\/\\\/mstchemicals.com\\\/it\\\/?s={search_term_string}\"},\"query-input\":{\"@type\":\"PropertyValueSpecification\",\"valueRequired\":true,\"valueName\":\"search_term_string\"}}],\"inLanguage\":\"it-IT\"}]}<\/script>\n<!-- \/ Yoast SEO plugin. -->","yoast_head_json":{"title":"Certificazioni | MST Chemicals","description":"Nello sviluppo di prodotti chimici e soluzioni per le acque reflue, MST ha sempre creduto che la qualit\u00e0 fosse al primo posto, ed \u00e8 accreditata ISO 9001.","robots":{"index":"index","follow":"follow","max-snippet":"max-snippet:-1","max-image-preview":"max-image-preview:large","max-video-preview":"max-video-preview:-1"},"canonical":"https:\/\/mstchemicals.com\/it\/trattamenti-finitura-metallica-impianti-riutilizzo-acqua\/certificazioni\/","og_locale":"it_IT","og_type":"article","og_title":"Certificazioni | MST Chemicals","og_description":"Nello sviluppo di prodotti chimici e soluzioni per le acque reflue, MST ha sempre creduto che la qualit\u00e0 fosse al primo posto, ed \u00e8 accreditata ISO 9001.","og_url":"https:\/\/mstchemicals.com\/it\/trattamenti-finitura-metallica-impianti-riutilizzo-acqua\/certificazioni\/","og_site_name":"MST Chemicals","article_modified_time":"2026-04-24T12:20:54+00:00","twitter_card":"summary_large_image","twitter_misc":{"Tempo di lettura stimato":"1 minuto"},"schema":{"@context":"https:\/\/schema.org","@graph":[{"@type":"WebPage","@id":"https:\/\/mstchemicals.com\/it\/trattamenti-finitura-metallica-impianti-riutilizzo-acqua\/certificazioni\/","url":"https:\/\/mstchemicals.com\/it\/trattamenti-finitura-metallica-impianti-riutilizzo-acqua\/certificazioni\/","name":"Certificazioni | MST Chemicals","isPartOf":{"@id":"https:\/\/mstchemicals.com\/it\/#website"},"datePublished":"2023-03-23T14:38:41+00:00","dateModified":"2026-04-24T12:20:54+00:00","description":"Nello sviluppo di prodotti chimici e soluzioni per le acque reflue, MST ha sempre creduto che la qualit\u00e0 fosse al primo posto, ed \u00e8 accreditata ISO 9001.","breadcrumb":{"@id":"https:\/\/mstchemicals.com\/it\/trattamenti-finitura-metallica-impianti-riutilizzo-acqua\/certificazioni\/#breadcrumb"},"inLanguage":"it-IT","potentialAction":[{"@type":"ReadAction","target":["https:\/\/mstchemicals.com\/it\/trattamenti-finitura-metallica-impianti-riutilizzo-acqua\/certificazioni\/"]}]},{"@type":"BreadcrumbList","@id":"https:\/\/mstchemicals.com\/it\/trattamenti-finitura-metallica-impianti-riutilizzo-acqua\/certificazioni\/#breadcrumb","itemListElement":[{"@type":"ListItem","position":1,"name":"Home","item":"https:\/\/mstchemicals.com\/it\/"},{"@type":"ListItem","position":2,"name":"Chi Siamo","item":"https:\/\/mstchemicals.com\/it\/treatments-metal-finishing-water-reuse-plants\/"},{"@type":"ListItem","position":3,"name":"Certificazioni"}]},{"@type":"WebSite","@id":"https:\/\/mstchemicals.com\/it\/#website","url":"https:\/\/mstchemicals.com\/it\/","name":"MST Chemicals","description":"Chemicals and Technologies for waste Water treatment &amp; Zero Liquid Discharge","potentialAction":[{"@type":"SearchAction","target":{"@type":"EntryPoint","urlTemplate":"https:\/\/mstchemicals.com\/it\/?s={search_term_string}"},"query-input":{"@type":"PropertyValueSpecification","valueRequired":true,"valueName":"search_term_string"}}],"inLanguage":"it-IT"}]}},"_links":{"self":[{"href":"https:\/\/mstchemicals.com\/it\/wp-json\/wp\/v2\/pages\/9847","targetHints":{"allow":["GET"]}}],"collection":[{"href":"https:\/\/mstchemicals.com\/it\/wp-json\/wp\/v2\/pages"}],"about":[{"href":"https:\/\/mstchemicals.com\/it\/wp-json\/wp\/v2\/types\/page"}],"author":[{"embeddable":true,"href":"https:\/\/mstchemicals.com\/it\/wp-json\/wp\/v2\/users\/1"}],"replies":[{"embeddable":true,"href":"https:\/\/mstchemicals.com\/it\/wp-json\/wp\/v2\/comments?post=9847"}],"version-history":[{"count":1,"href":"https:\/\/mstchemicals.com\/it\/wp-json\/wp\/v2\/pages\/9847\/revisions"}],"predecessor-version":[{"id":10003,"href":"https:\/\/mstchemicals.com\/it\/wp-json\/wp\/v2\/pages\/9847\/revisions\/10003"}],"up":[{"embeddable":true,"href":"https:\/\/mstchemicals.com\/it\/wp-json\/wp\/v2\/pages\/9816"}],"wp:attachment":[{"href":"https:\/\/mstchemicals.com\/it\/wp-json\/wp\/v2\/media?parent=9847"}],"wp:term":[{"taxonomy":"category","embeddable":true,"href":"https:\/\/mstchemicals.com\/it\/wp-json\/wp\/v2\/categories?post=9847"},{"taxonomy":"post_tag","embeddable":true,"href":"https:\/\/mstchemicals.com\/it\/wp-json\/wp\/v2\/tags?post=9847"}],"curies":[{"name":"wp","href":"https:\/\/api.w.org\/{rel}","templated":true}]}}