{"id":9831,"date":"2021-10-29T16:40:57","date_gmt":"2021-10-29T15:40:57","guid":{"rendered":"https:\/\/mstchemicals.com\/lattine-bevande-alluminio\/"},"modified":"2026-04-27T09:18:05","modified_gmt":"2026-04-27T08:18:05","slug":"lattine-bevande-alluminio","status":"publish","type":"page","link":"https:\/\/mstchemicals.com\/it\/specialita\/lattine-bevande-alluminio\/","title":{"rendered":"Lattine per Bevande in Alluminio"},"content":{"rendered":"<section class=\"l-section wpb_row height_medium\"><div class=\"l-section-h i-cf\"><div class=\"g-cols via_flex valign_top type_default\"><div class=\"vc_col-sm-9 wpb_column vc_column_container\"><div class=\"vc_column-inner\"><div class=\"wpb_wrapper\"><h1 class=\"w-post-elm post_title prodotti-titolo align_left entry-title color_link_inherit\">Lattine per Bevande in Alluminio<\/h1><div class=\"w-separator size_small\"><\/div><div class=\"wpb_text_column\"><div class=\"wpb_wrapper\"><p><strong>Tutte le lattine metalliche per bevande sono realizzate in lega di alluminio o acciaio stagnato.<\/strong><\/p>\n<p>Le lattine moderne sono prodotte attraverso un processo meccanico ad alta velocit\u00e0 di formatura a freddo, che inizia con la punzonatura di un foglio piatto da una bobina di alluminio.<br \/>\nIl foglio piatto viene prima formato in una coppa tramite una pressa di imbutitura. Questa coppa viene poi spinta attraverso un processo di formatura chiamato \u201cironing\u201d che forma la lattina nel bodymaker. Anche il fondo della lattina (Dome) viene sagomato in questa fase. Il metallo malleabile si deforma assumendo la forma di una lattina aperta in alto e viene poi rifilata.<br \/>\nCon la sofisticata tecnologia del bodymaker, la parete laterale della lattina \u00e8 significativamente pi\u00f9 sottile rispetto alle aree superiore e inferiore, dove \u00e8 richiesta rigidit\u00e0.<\/p>\n<p>MST Chemicals offre una gamma completa di prodotti chimici e soluzioni su misura per soddisfare le esigenze sempre mutevoli dei clienti. Con il nostro sistema di gestione chimica \u201cFront-end\u201d, garantiamo la piena compatibilit\u00e0 a monte per lattine pi\u00f9 brillanti e il minimo COD possibile; grazie al controller chimico all\u2019avanguardia <strong>Aluguard 7000<\/strong>, il consumo \u00e8 ottimizzato per garantire il costo pi\u00f9 basso possibile per 000 lattine.<\/p>\n<\/div><\/div><div class=\"w-separator size_small\"><\/div>[vc_custom_heading text=&#8221;Fornitore unico per lubrificanti, trattamento e acque reflue&#8221; font_container=&#8221;tag:h3|text_align:left|color:%23f18822&#8243; use_theme_fonts=&#8221;yes&#8221; el_class=&#8221;prodotti-sottotitolo&#8221;]<div class=\"wpb_text_column\"><div class=\"wpb_wrapper\"><p>Le moderne tecnologie di lavaggio tendono a ridurre al minimo il consumo di acqua di risciacquo. In passato il consumo idrico era di circa 60m<sup>3<\/sup>\/1MioCans; oggi, dove gli impianti puntano alla riduzione dei consumi, si \u00e8 scesi a circa 40m<sup>3<\/sup>\/1MioCans, con prospettive di raggiungere i 20m<sup>3<\/sup>\/1MioCans. (20 ltri\/000 lattine)<\/p>\n<p>Poich\u00e9 il riporto del lavatore \u00e8 sempre lo stesso, ne consegue che la concentrazione dei vari inquinanti: Al, SO4, F and COD has doubled today and will tripled in the near future.<\/p>\n<p>This creates new problems for water purification which must be more efficient than ever before, while the discharge limits remain the same or are even tightening restrictions.<\/p>\n<p>The only solution to the above concern is to utilize the synergies between plant design for WWT (Old and New) and suitable Chemical Specialties so that Washer Treatment Chemicals, Lubricants and contaminates work together with purification.<\/p>\n<p>The CIE &amp; MST Chemicals group is perfectly structured to offer Canmakers:<\/p>\n<ul>\n<li>Redesign of treatment products<\/li>\n<li>Low COD Coolant<\/li>\n<li>Cleaner with surfactants that are highly biodegradable<\/li>\n<li>Chemical-physical separation of oils and surfactants in purification<\/li>\n<li>Plants equipped for Sulphates and Fluorides reduction technologies.<\/li>\n<li>Specific COD, SO<sub>4<\/sub> and Fluorides abatement products.<\/li>\n<li>Technical assistance in the field for fine-tuning<\/li>\n<li>Studies on water recycling<\/li>\n<li>Improvement of Zero Liquid Discharge processes and reduction of installation costs.<\/li>\n<li>ZLD processes with chemical-physical technologies with low energy cost.<\/li>\n<\/ul>\n<\/div><\/div><div class=\"w-separator size_small\"><\/div>[vc_custom_heading text=&#8221;Lubrificanti e lavatore&#8221; font_container=&#8221;tag:h2|text_align:left|color:%23333584&#8243; use_theme_fonts=&#8221;yes&#8221; el_class=&#8221;prodotti-sottotitolo sottosezione&#8221;][vc_custom_heading text=&#8221;Lubrificanti&#8221; font_container=&#8221;tag:h3|text_align:left|color:%23f18822&#8243; use_theme_fonts=&#8221;yes&#8221; el_class=&#8221;prodotti-sottotitolo&#8221;]<div class=\"wpb_text_column\"><div class=\"wpb_wrapper\"><p>Con oltre 30 anni di tecnologia e esperienza consolidata, MST offre una capacit\u00e0 di progettazione su misura sia per un olio puro da imbutitura che per un refrigerante per bodymaker. Con l&#8217;uso combinato, i clienti ottengono lattine pi\u00f9 brillanti, ridotto consumo di prodotti chimici nel lavatore e riduzione del COD grazie alla selezione accurata di tensioattivi compatibili.<\/p>\n<\/div><\/div><div class=\"w-separator size_small\"><\/div>[vc_custom_heading text=&#8221;Prodotti chimici per il lavatore&#8221; font_container=&#8221;tag:h3|text_align:left|color:%23f18822&#8243; use_theme_fonts=&#8221;yes&#8221; el_class=&#8221;prodotti-sottotitolo&#8221;]<div class=\"wpb_text_column\"><div class=\"wpb_wrapper\"><p>La pulizia e il trattamento delle lattine sono rimasti relativamente invariati per decenni; le innovazioni si sono susseguite ma la maggior parte dei produttori si affida a metodi tradizionali per la pulizia, il mordenzaggio e il trattamento delle lattine. Il consumo \u00e8 controllato attraverso la comprensione della chimica delle varie fasi e delle reazioni in atto per ottenere lattine perfettamente pulite con tassi di mordenzaggio uniformi e passivazione. Il consumo idrico \u00e8 controllato tramite controflusso progettato e ottimizzato per mantenere i parametri di controllo.<\/p>\n<p>MST fornisce una gamma di detergenti, acceleranti e trattamenti che garantiscono le migliori prestazioni del lavatore, offrendo lattine brillanti, pulite e trattate.<\/p>\n<p>Con l\u2019aumento delle velocit\u00e0 di linea, le lattine devono scorrere sui mandrini e attraverso i separatori senza sforzo. Il nostro potenziatore di mobilit\u00e0 (Puro-slip), con le sue spiccate propriet\u00e0 anti-frizione, garantisce velocit\u00e0 di corsia pi\u00f9 elevate e una migliore alimentazione dei mandrini.<\/p>\n<\/div><\/div><div class=\"w-separator size_small\"><\/div>[vc_custom_heading text=&#8221;Trattamento acque&#8221; font_container=&#8221;tag:h2|text_align:left|color:%23333584&#8243; use_theme_fonts=&#8221;yes&#8221; el_class=&#8221;prodotti-sottotitolo sottosezione&#8221;][vc_custom_heading text=&#8221;Rimozione dei Solfati&#8221; font_container=&#8221;tag:h3|text_align:left|color:%23f18822&#8243; use_theme_fonts=&#8221;yes&#8221; el_class=&#8221;prodotti-sottotitolo&#8221;]<div class=\"wpb_text_column\"><div class=\"wpb_wrapper\"><p>Il metodo pi\u00f9 comune per rimuovere alte concentrazioni di solfati dall&#8217;acqua \u00e8 l&#8217;aggiunta di calce idrata (Ca(OH)<sub>2<\/sub>). Tuttavia, partendo da concentrazioni superiori a 1500 ppm, non \u00e8 possibile scendere sotto i 500 ppm.<br \/>\nSolo tecnologie speciali come\u00a0<strong><span class=\"pur-all\">PUR-ALL<\/span><\/strong>\u00a0(sviluppato da\u00a0<strong>MST Chemicals<\/strong>) superano questo problema e forniscono una capacit\u00e0 di rimozione drastica fino a meno di 150 ppm o, con tecnologie specialiies, also lower.<\/p>\n<\/div><\/div><div class=\"w-separator size_small\"><\/div>[vc_custom_heading text=&#8221;Rimozione dei Fluoruri&#8221; font_container=&#8221;tag:h3|text_align:left|color:%23f18822&#8243; use_theme_fonts=&#8221;yes&#8221; el_class=&#8221;prodotti-sottotitolo&#8221;]<div class=\"wpb_text_column\"><div class=\"wpb_wrapper\"><p>Il fluoruro \u00e8 uno degli anioni pi\u00f9 difficili da rimuovere o ridurre a livelli inferiori a 6 ppm, come richiesto dalla maggior parte delle normative. Solo tecnologie e prodotti chimici speciali come\u00a0<strong><span class=\"pur-all\">PUR-ALL<\/span><\/strong>\u00a0(sviluppato da\u00a0<strong>MST Chemicals<\/strong>) superano questo problema e raggiungono livelli inferiori a 4 ppm o, con tecnologie speciali, inferiori a 2 ppm.<\/p>\n<\/div><\/div><div class=\"w-separator size_small\"><\/div>[vc_custom_heading text=&#8221;Rimozione del COD&#8221; font_container=&#8221;tag:h3|text_align:left|color:%23f18822&#8243; use_theme_fonts=&#8221;yes&#8221; el_class=&#8221;prodotti-sottotitolo&#8221;]<div class=\"wpb_text_column\"><div class=\"wpb_wrapper\"><p>Nelle linee di finitura metallica il COD proviene da oli e grassi utilizzati per la lavorazione o la laminazione dei metalli. Ulteriore COD deriva da tensioattivi nei detergenti alcalini o acidi utilizzati prima del rivestimento finale.<br \/>\nIl prodotto chimico pi\u00f9 comune per la rimozione del COD \u00e8 il carbone attivo, ma miscele specifiche devono essere sviluppate per ogni situazione locale.<br \/>\n<strong>MST Chemicals<\/strong>\u00a0dispone di un&#8217;ampia gamma di prodotti specifici per la rimozione del COD, come\u00a0<strong>PuroSorb<\/strong>\u00a0in grado di ridurre i livelli di COD al di sotto di 100 ppm, come richiesto per gli impianti ZLD.<\/p>\n<\/div><\/div><\/div><\/div><\/div><div class=\"vc_col-sm-3 wpb_column vc_column_container sidebar-pagina has_bg_color\"><div class=\"vc_column-inner us_custom_0d15be52\"><div class=\"wpb_wrapper\">[vc_widget_sidebar sidebar_id=&#8221;default_sidebar&#8221;]<\/div><\/div><\/div><\/div><\/div><\/section>\n","protected":false},"excerpt":{"rendered":"Lattine per Bevande in AlluminioTutte le lattine metalliche per bevande sono realizzate in lega di alluminio o acciaio stagnato. Le lattine moderne sono prodotte attraverso un processo meccanico ad alta velocit\u00e0 di formatura a freddo, che inizia con la punzonatura di un foglio piatto da una bobina di alluminio. Il foglio piatto viene prima formato...","protected":false},"author":1,"featured_media":9601,"parent":9826,"menu_order":0,"comment_status":"closed","ping_status":"closed","template":"","meta":{"footnotes":""},"categories":[],"tags":[],"class_list":["post-9831","page","type-page","status-publish","has-post-thumbnail","hentry"],"yoast_head":"<!-- This site is optimized with the Yoast SEO plugin v27.6 - https:\/\/yoast.com\/product\/yoast-seo-wordpress\/ -->\n<title>Trattamento Chimico per Lattine Bevande in Alluminio | MST Chemicals<\/title>\n<meta name=\"description\" content=\"MST offre una gamma completa di specialit\u00e0 chimiche e soluzioni per effettuare il trattamento chimico delle lattine per bevande in alluminio.\" \/>\n<meta name=\"robots\" content=\"index, follow, max-snippet:-1, max-image-preview:large, max-video-preview:-1\" \/>\n<link rel=\"canonical\" href=\"https:\/\/mstchemicals.com\/it\/specialita\/lattine-bevande-alluminio\/\" \/>\n<meta property=\"og:locale\" content=\"it_IT\" \/>\n<meta property=\"og:type\" content=\"article\" \/>\n<meta property=\"og:title\" content=\"Trattamento Chimico per Lattine Bevande in Alluminio | MST Chemicals\" \/>\n<meta property=\"og:description\" content=\"MST offre una gamma completa di specialit\u00e0 chimiche e soluzioni per effettuare il trattamento chimico delle lattine per bevande in alluminio.\" \/>\n<meta property=\"og:url\" content=\"https:\/\/mstchemicals.com\/it\/specialita\/lattine-bevande-alluminio\/\" \/>\n<meta property=\"og:site_name\" content=\"MST Chemicals\" \/>\n<meta property=\"article:modified_time\" content=\"2026-04-27T08:18:05+00:00\" \/>\n<meta property=\"og:image\" content=\"https:\/\/mstchemicals.com\/wp-content\/uploads\/chemical-treatment-for-aluminum-beverage-cans.webp\" \/>\n\t<meta property=\"og:image:width\" content=\"600\" \/>\n\t<meta property=\"og:image:height\" content=\"600\" \/>\n\t<meta property=\"og:image:type\" content=\"image\/webp\" \/>\n<meta name=\"twitter:card\" content=\"summary_large_image\" \/>\n<meta name=\"twitter:label1\" content=\"Tempo di lettura stimato\" \/>\n\t<meta name=\"twitter:data1\" content=\"6 minuti\" \/>\n<script type=\"application\/ld+json\" class=\"yoast-schema-graph\">{\"@context\":\"https:\\\/\\\/schema.org\",\"@graph\":[{\"@type\":\"WebPage\",\"@id\":\"https:\\\/\\\/mstchemicals.com\\\/it\\\/specialita\\\/lattine-bevande-alluminio\\\/\",\"url\":\"https:\\\/\\\/mstchemicals.com\\\/it\\\/specialita\\\/lattine-bevande-alluminio\\\/\",\"name\":\"Trattamento Chimico per Lattine Bevande in Alluminio | MST Chemicals\",\"isPartOf\":{\"@id\":\"https:\\\/\\\/mstchemicals.com\\\/it\\\/#website\"},\"primaryImageOfPage\":{\"@id\":\"https:\\\/\\\/mstchemicals.com\\\/it\\\/specialita\\\/lattine-bevande-alluminio\\\/#primaryimage\"},\"image\":{\"@id\":\"https:\\\/\\\/mstchemicals.com\\\/it\\\/specialita\\\/lattine-bevande-alluminio\\\/#primaryimage\"},\"thumbnailUrl\":\"https:\\\/\\\/mstchemicals.com\\\/wp-content\\\/uploads\\\/chemical-treatment-for-aluminum-beverage-cans.webp\",\"datePublished\":\"2021-10-29T15:40:57+00:00\",\"dateModified\":\"2026-04-27T08:18:05+00:00\",\"description\":\"MST offre una gamma completa di specialit\u00e0 chimiche e soluzioni per effettuare il trattamento chimico delle lattine per bevande in alluminio.\",\"breadcrumb\":{\"@id\":\"https:\\\/\\\/mstchemicals.com\\\/it\\\/specialita\\\/lattine-bevande-alluminio\\\/#breadcrumb\"},\"inLanguage\":\"it-IT\",\"potentialAction\":[{\"@type\":\"ReadAction\",\"target\":[\"https:\\\/\\\/mstchemicals.com\\\/it\\\/specialita\\\/lattine-bevande-alluminio\\\/\"]}]},{\"@type\":\"ImageObject\",\"inLanguage\":\"it-IT\",\"@id\":\"https:\\\/\\\/mstchemicals.com\\\/it\\\/specialita\\\/lattine-bevande-alluminio\\\/#primaryimage\",\"url\":\"https:\\\/\\\/mstchemicals.com\\\/wp-content\\\/uploads\\\/chemical-treatment-for-aluminum-beverage-cans.webp\",\"contentUrl\":\"https:\\\/\\\/mstchemicals.com\\\/wp-content\\\/uploads\\\/chemical-treatment-for-aluminum-beverage-cans.webp\",\"width\":600,\"height\":600,\"caption\":\"chemical treatment for aluminum beverage cans\"},{\"@type\":\"BreadcrumbList\",\"@id\":\"https:\\\/\\\/mstchemicals.com\\\/it\\\/specialita\\\/lattine-bevande-alluminio\\\/#breadcrumb\",\"itemListElement\":[{\"@type\":\"ListItem\",\"position\":1,\"name\":\"Home\",\"item\":\"https:\\\/\\\/mstchemicals.com\\\/it\\\/\"},{\"@type\":\"ListItem\",\"position\":2,\"name\":\"Specialit\u00e0\",\"item\":\"https:\\\/\\\/mstchemicals.com\\\/it\\\/specialties\\\/\"},{\"@type\":\"ListItem\",\"position\":3,\"name\":\"Lattine per Bevande in Alluminio\"}]},{\"@type\":\"WebSite\",\"@id\":\"https:\\\/\\\/mstchemicals.com\\\/it\\\/#website\",\"url\":\"https:\\\/\\\/mstchemicals.com\\\/it\\\/\",\"name\":\"MST Chemicals\",\"description\":\"Chemicals and Technologies for waste Water treatment &amp; Zero Liquid Discharge\",\"potentialAction\":[{\"@type\":\"SearchAction\",\"target\":{\"@type\":\"EntryPoint\",\"urlTemplate\":\"https:\\\/\\\/mstchemicals.com\\\/it\\\/?s={search_term_string}\"},\"query-input\":{\"@type\":\"PropertyValueSpecification\",\"valueRequired\":true,\"valueName\":\"search_term_string\"}}],\"inLanguage\":\"it-IT\"}]}<\/script>\n<!-- \/ Yoast SEO plugin. -->","yoast_head_json":{"title":"Trattamento Chimico per Lattine Bevande in Alluminio | MST Chemicals","description":"MST offre una gamma completa di specialit\u00e0 chimiche e soluzioni per effettuare il trattamento chimico delle lattine per bevande in alluminio.","robots":{"index":"index","follow":"follow","max-snippet":"max-snippet:-1","max-image-preview":"max-image-preview:large","max-video-preview":"max-video-preview:-1"},"canonical":"https:\/\/mstchemicals.com\/it\/specialita\/lattine-bevande-alluminio\/","og_locale":"it_IT","og_type":"article","og_title":"Trattamento Chimico per Lattine Bevande in Alluminio | MST Chemicals","og_description":"MST offre una gamma completa di specialit\u00e0 chimiche e soluzioni per effettuare il trattamento chimico delle lattine per bevande in alluminio.","og_url":"https:\/\/mstchemicals.com\/it\/specialita\/lattine-bevande-alluminio\/","og_site_name":"MST Chemicals","article_modified_time":"2026-04-27T08:18:05+00:00","og_image":[{"width":600,"height":600,"url":"https:\/\/mstchemicals.com\/wp-content\/uploads\/chemical-treatment-for-aluminum-beverage-cans.webp","type":"image\/webp"}],"twitter_card":"summary_large_image","twitter_misc":{"Tempo di lettura stimato":"6 minuti"},"schema":{"@context":"https:\/\/schema.org","@graph":[{"@type":"WebPage","@id":"https:\/\/mstchemicals.com\/it\/specialita\/lattine-bevande-alluminio\/","url":"https:\/\/mstchemicals.com\/it\/specialita\/lattine-bevande-alluminio\/","name":"Trattamento Chimico per Lattine Bevande in Alluminio | MST Chemicals","isPartOf":{"@id":"https:\/\/mstchemicals.com\/it\/#website"},"primaryImageOfPage":{"@id":"https:\/\/mstchemicals.com\/it\/specialita\/lattine-bevande-alluminio\/#primaryimage"},"image":{"@id":"https:\/\/mstchemicals.com\/it\/specialita\/lattine-bevande-alluminio\/#primaryimage"},"thumbnailUrl":"https:\/\/mstchemicals.com\/wp-content\/uploads\/chemical-treatment-for-aluminum-beverage-cans.webp","datePublished":"2021-10-29T15:40:57+00:00","dateModified":"2026-04-27T08:18:05+00:00","description":"MST offre una gamma completa di specialit\u00e0 chimiche e soluzioni per effettuare il trattamento chimico delle lattine per bevande in alluminio.","breadcrumb":{"@id":"https:\/\/mstchemicals.com\/it\/specialita\/lattine-bevande-alluminio\/#breadcrumb"},"inLanguage":"it-IT","potentialAction":[{"@type":"ReadAction","target":["https:\/\/mstchemicals.com\/it\/specialita\/lattine-bevande-alluminio\/"]}]},{"@type":"ImageObject","inLanguage":"it-IT","@id":"https:\/\/mstchemicals.com\/it\/specialita\/lattine-bevande-alluminio\/#primaryimage","url":"https:\/\/mstchemicals.com\/wp-content\/uploads\/chemical-treatment-for-aluminum-beverage-cans.webp","contentUrl":"https:\/\/mstchemicals.com\/wp-content\/uploads\/chemical-treatment-for-aluminum-beverage-cans.webp","width":600,"height":600,"caption":"chemical treatment for aluminum beverage cans"},{"@type":"BreadcrumbList","@id":"https:\/\/mstchemicals.com\/it\/specialita\/lattine-bevande-alluminio\/#breadcrumb","itemListElement":[{"@type":"ListItem","position":1,"name":"Home","item":"https:\/\/mstchemicals.com\/it\/"},{"@type":"ListItem","position":2,"name":"Specialit\u00e0","item":"https:\/\/mstchemicals.com\/it\/specialties\/"},{"@type":"ListItem","position":3,"name":"Lattine per Bevande in Alluminio"}]},{"@type":"WebSite","@id":"https:\/\/mstchemicals.com\/it\/#website","url":"https:\/\/mstchemicals.com\/it\/","name":"MST Chemicals","description":"Chemicals and Technologies for waste Water treatment &amp; Zero Liquid Discharge","potentialAction":[{"@type":"SearchAction","target":{"@type":"EntryPoint","urlTemplate":"https:\/\/mstchemicals.com\/it\/?s={search_term_string}"},"query-input":{"@type":"PropertyValueSpecification","valueRequired":true,"valueName":"search_term_string"}}],"inLanguage":"it-IT"}]}},"_links":{"self":[{"href":"https:\/\/mstchemicals.com\/it\/wp-json\/wp\/v2\/pages\/9831","targetHints":{"allow":["GET"]}}],"collection":[{"href":"https:\/\/mstchemicals.com\/it\/wp-json\/wp\/v2\/pages"}],"about":[{"href":"https:\/\/mstchemicals.com\/it\/wp-json\/wp\/v2\/types\/page"}],"author":[{"embeddable":true,"href":"https:\/\/mstchemicals.com\/it\/wp-json\/wp\/v2\/users\/1"}],"replies":[{"embeddable":true,"href":"https:\/\/mstchemicals.com\/it\/wp-json\/wp\/v2\/comments?post=9831"}],"version-history":[{"count":2,"href":"https:\/\/mstchemicals.com\/it\/wp-json\/wp\/v2\/pages\/9831\/revisions"}],"predecessor-version":[{"id":10139,"href":"https:\/\/mstchemicals.com\/it\/wp-json\/wp\/v2\/pages\/9831\/revisions\/10139"}],"up":[{"embeddable":true,"href":"https:\/\/mstchemicals.com\/it\/wp-json\/wp\/v2\/pages\/9826"}],"wp:featuredmedia":[{"embeddable":true,"href":"https:\/\/mstchemicals.com\/it\/wp-json\/wp\/v2\/media\/9601"}],"wp:attachment":[{"href":"https:\/\/mstchemicals.com\/it\/wp-json\/wp\/v2\/media?parent=9831"}],"wp:term":[{"taxonomy":"category","embeddable":true,"href":"https:\/\/mstchemicals.com\/it\/wp-json\/wp\/v2\/categories?post=9831"},{"taxonomy":"post_tag","embeddable":true,"href":"https:\/\/mstchemicals.com\/it\/wp-json\/wp\/v2\/tags?post=9831"}],"curies":[{"name":"wp","href":"https:\/\/api.w.org\/{rel}","templated":true}]}}