{"id":9829,"date":"2021-10-28T09:47:54","date_gmt":"2021-10-28T08:47:54","guid":{"rendered":"https:\/\/mstchemicals.com\/impianti-trattamento-acque-reflue-finitura-metallica\/"},"modified":"2026-04-27T09:13:28","modified_gmt":"2026-04-27T08:13:28","slug":"impianti-trattamento-acque-reflue-finitura-metallica","status":"publish","type":"page","link":"https:\/\/mstchemicals.com\/it\/specialita\/impianti-trattamento-acque-reflue-finitura-metallica\/","title":{"rendered":"Trattamento Acque Reflue"},"content":{"rendered":"<section class=\"l-section wpb_row height_medium\"><div class=\"l-section-h i-cf\"><div class=\"g-cols via_flex valign_top type_default\"><div class=\"vc_col-sm-9 wpb_column vc_column_container\"><div class=\"vc_column-inner\"><div class=\"wpb_wrapper\"><h1 class=\"w-post-elm post_title prodotti-titolo align_left entry-title color_link_inherit\">Trattamento Acque Reflue<\/h1><div class=\"w-separator size_small\"><\/div><div class=\"wpb_text_column\"><div class=\"wpb_wrapper\"><p>I processi di trattamento delle acque reflue dedicati alle linee di <strong>finitura metallica<\/strong> sono realizzati da specifici <strong>impianti di trattamento acque reflue<\/strong> dotati di diverse fasi di depurazione in base alla qualit\u00e0 dell&#8217;inquinamento.<\/p>\n<p>In molti casi l&#8217;impianto di trattamento acque reflue deve realizzare una depurazione speciale in grado di consentire il riutilizzo delle stesse acque trattate.<\/p>\n<\/div><\/div><div class=\"w-separator size_small\"><\/div>[vc_custom_heading text=&#8221;Impianti Chimico-Fisici&#8221; font_container=&#8221;tag:h2|text_align:left|color:%23f18822&#8243; use_theme_fonts=&#8221;yes&#8221; el_class=&#8221;prodotti-sottotitolo&#8221;]<div class=\"wpb_text_column\"><div class=\"wpb_wrapper\"><p>Gli impianti chimico-fisici sono attualmente utilizzati ovunque sia necessario rimuovere metalli e neutralizzare o rimuovere alcuni anioni come solfati, fluoruri e fosfati.<\/p>\n<\/div><\/div><div class=\"w-separator size_small\"><\/div>[vc_custom_heading text=&#8221;Neutralizzazione&#8221; font_container=&#8221;tag:h2|text_align:left|color:%23f18822&#8243; use_theme_fonts=&#8221;yes&#8221; el_class=&#8221;prodotti-sottotitolo&#8221;]<div class=\"wpb_text_column\"><div class=\"wpb_wrapper\"><p>In chimica, la neutralizzazione \u00e8 una reazione chimica in cui un acido e una base reagiscono quantitativamente tra loro. In una reazione in acqua, la neutralizzazione porta all&#8217;assenza di ioni idrogeno o idrossido in eccesso in soluzione. Il pH della soluzione neutralizzata dipende dalla forza acida dei reagenti. La neutralizzazione \u00e8 impiegata in molte applicazioni.<\/p>\n<\/div><\/div><div class=\"w-separator size_small\"><\/div>[vc_custom_heading text=&#8221;Rimozione dei Metalli&#8221; font_container=&#8221;tag:h2|text_align:left|color:%23f18822&#8243; use_theme_fonts=&#8221;yes&#8221; el_class=&#8221;prodotti-sottotitolo&#8221;]<div class=\"wpb_text_column\"><div class=\"wpb_wrapper\"><p>La rimozione dei metalli \u00e8 attualmente realizzata mediante neutralizzazione nel range di pH 7-9. Precipitano come fanghi sotto forma di idrossido: Fe(OH)3, Al(OH)3, Zn(OH)2 e cos\u00ec via.<\/p>\n<\/div><\/div><div class=\"w-separator size_small\"><\/div>[vc_custom_heading text=&#8221;Riduzione Organica&#8221; font_container=&#8221;tag:h2|text_align:left|color:%23f18822&#8243; use_theme_fonts=&#8221;yes&#8221; el_class=&#8221;prodotti-sottotitolo&#8221;]<div class=\"wpb_text_column\"><div class=\"wpb_wrapper\"><p>Main organics found in Metal finishing lines come from oils or dirty fats or Surfactants. The remouval of them is usually realized by addition of Oils adsorbers, special blend of Charcoal.<br \/>\n<strong>MST Chemicals<\/strong>\u00a0developed specialties called\u00a0<strong><a href=\"https:\/\/mstchemicals.com\/it\/products\/waste-water-treatment\/purosorb\/\">PuroSorb<\/a><\/strong> able to remouve more than 90% of organics, however, in some cases, it is necessary to realize a drastical Oxidation using a dedicated technology based on strong oxidizing agents and Inorganic Acids.<\/p>\n<\/div><\/div><div class=\"w-separator size_small\"><\/div>[vc_custom_heading text=&#8221;Filtrazione Multimediale&#8221; font_container=&#8221;tag:h2|text_align:left|color:%23f18822&#8243; use_theme_fonts=&#8221;yes&#8221; el_class=&#8221;prodotti-sottotitolo&#8221;]<div class=\"wpb_text_column\"><div class=\"wpb_wrapper\"><p>Acque reflue: i recipienti a pressione con sabbia o altri materiali sciolti sono ampiamente utilizzati nelle applicazioni di filtrazione industriale. Durante il ciclo di pulizia, detto &#8220;controlavaggio&#8221;, il letto viene sollevato (o &#8220;fluidificato&#8221;) per allentare il materiale filtrante e rilasciare lo sporco intrappolato, rimosso nel flusso di controlavaggio.<\/p>\n<\/div><\/div><div class=\"w-separator size_small\"><\/div>[vc_custom_heading text=&#8221;Filtrazione Fanghi&#8221; font_container=&#8221;tag:h2|text_align:left|color:%23f18822&#8243; use_theme_fonts=&#8221;yes&#8221; el_class=&#8221;prodotti-sottotitolo&#8221;]<div class=\"wpb_text_column\"><div class=\"wpb_wrapper\"><p>La filtrazione \u00e8 il metodo pi\u00f9 diffuso nel trattamento dei fanghi prodotti dal trattamento delle acque reflue. Pu\u00f2 consistere nel semplice drenaggio su letti di sabbia o nella filtrazione meccanica sotto vuoto, a media o alta pressione con apparecchiature pi\u00f9 sofisticate. Le presse filtranti operano applicando pressioni molto elevate al pannello filtrante (da 5 a 15 bar e oltre). Sistemi alternativi come il filtro a nastro o il filtro sottovuoto sono meno diffusi poich\u00e9 i fanghi finali presentano una percentuale superiore di umir and this generate automatically higher volume of waste sludges to dump.<\/p>\n<\/div><\/div><div class=\"w-separator size_small\"><\/div>[vc_custom_heading text=&#8221;Flocculazione&#8221; font_container=&#8221;tag:h2|text_align:left|color:%23f18822&#8243; use_theme_fonts=&#8221;yes&#8221; el_class=&#8221;prodotti-sottotitolo&#8221;]<div class=\"wpb_text_column\"><div class=\"wpb_wrapper\"><p>La flocculazione e la sedimentazione sono ampiamente impiegate nella purificazione dell&#8217;acqua potabile, nel trattamento delle acque reflue civili, delle acque piovane e dei reflui industriali. I tipici processi di trattamento comprendono griglie, coagulazione, flocculazione, sedimentazione, filtrazione granulare e disinfezione. La flocculazione viene utilizzata dopo la neutralizzazione negli impianti chimico-fisici dedicati alla rimozione dei metalli. \u00c8 necessaria una fase dedicata e l&#8217;uso di sostanze polielettrolita specialinecessary.<br \/>\n<strong>MST Chemicals<\/strong>\u00a0developed superior quality flocculants called\u00a0<strong><a href=\"https:\/\/mstchemicals.com\/it\/products\/waste-water-treatment\/purofloc\/\">PuroFloc<\/a><\/strong>\u00a0to be used at very low concentration (5-10 ppm), with strong flocculation cost reduction.<\/p>\n<\/div><\/div><div class=\"w-separator size_small\"><\/div>[vc_custom_heading text=&#8221;Ultrafiltrazione&#8221; font_container=&#8221;tag:h2|text_align:left|color:%23f18822&#8243; use_theme_fonts=&#8221;yes&#8221; el_class=&#8221;prodotti-sottotitolo&#8221;]<div class=\"wpb_text_column\"><div class=\"wpb_wrapper\"><p>L&#8217;ultrafiltrazione (UF) \u00e8 una variet\u00e0 di filtrazione a membrana in cui forze come i gradienti di pressione o di concentrazione portano alla separazione attraverso una membrana semipermeabile. I solidi sospesi e i soluti ad alto peso molecolare vengono trattenuti nel retenato, mentre l&#8217;acqua e i soluti a basso peso molecolare passano attraverso la membrana nel permeato. Questo processo di separazione \u00e8 utilizzato nell&#8217;industria e nella ricerca per purificare e concentrare soluzioni macromolecolari (103 &#8211; 106 Da), in particolare proteine solutions. Ultrafiltration is not fundamentally different from microfiltration. Both of these separate based on size exclusion or particle capture. It is fundamentally different from membrane gas separation, which separate based on different amounts of absorption and different rates of diffusion. Ultrafiltration membranes are defined by the molecular weight cut-off (MWCO) of the membrane used. Ultrafiltration is applied in cross-flow or dead-end mode. UF is used often before R.O.<\/p>\n<\/div><\/div><div class=\"w-separator size_small\"><\/div>[vc_custom_heading text=&#8221;Nanofiltrazione&#8221; font_container=&#8221;tag:h2|text_align:left|color:%23f18822&#8243; use_theme_fonts=&#8221;yes&#8221; el_class=&#8221;prodotti-sottotitolo&#8221;]<div class=\"wpb_text_column\"><div class=\"wpb_wrapper\"><p>La nanofiltrazione \u00e8 un processo di filtrazione a membrana relativamente recente, utilizzato principalmente con acque a bassa concentrazione di solidi disciolti (acque superficiali e acque sotterranee dolci), con l&#8217;obiettivo di addolcimento (rimozione di cationi polivalenti) e rimozione di precursori dei sottoprodotti di disinfezione come la materia organica naturale e sintetica. La nanofiltrazione \u00e8 sempre pi\u00f9 utilizzata nelle applicazioni di lavorazione degli alimenti, come i latticini, per la concentrazione simultanea e la demineralizzazione parziale (ioni monovalenti)sation.<\/p>\n<\/div><\/div><div class=\"w-separator size_small\"><\/div>[vc_custom_heading text=&#8221;Osmosi Inversa&#8221; font_container=&#8221;tag:h2|text_align:left|color:%23f18822&#8243; use_theme_fonts=&#8221;yes&#8221; el_class=&#8221;prodotti-sottotitolo&#8221;]<div class=\"wpb_text_column\"><div class=\"wpb_wrapper\"><p>L&#8217;osmosi inversa (RO) \u00e8 una tecnologia di purificazione dell&#8217;acqua che utilizza una membrana semipermeabile per rimuovere ioni, molecole e particelle pi\u00f9 grandi dall&#8217;acqua potabile. Nell&#8217;osmosi inversa, una pressione applicata viene utilizzata per superare la pressione osmotica, propriet\u00e0 colligativa guidata dalle differenze di potenziale chimico del solvente. L&#8217;osmosi inversa pu\u00f2 rimuovere molti tipi di specie disciolte e in sospensione dall&#8217;acqua, inclusi i batteri, ed \u00e8 utilizzata sia in processi industriali processes and the production of potable water.<br \/>\n<strong>MST Chemicals<\/strong>\u00a0developped special Chemicals for periodical cleaning of membranes, called\u00a0<strong><a href=\"https:\/\/mstchemicals.com\/it\/products\/waste-water-treatment\/purosmo\/\">PurOsmo<\/a>.<\/strong><\/p>\n<\/div><\/div><div class=\"w-separator size_small\"><\/div>[vc_custom_heading text=&#8221;Evaporazione&#8221; font_container=&#8221;tag:h2|text_align:left|color:%23f18822&#8243; use_theme_fonts=&#8221;yes&#8221; el_class=&#8221;prodotti-sottotitolo&#8221;]<div class=\"wpb_text_column\"><div class=\"wpb_wrapper\"><p>L&#8217;evaporazione \u00e8 un tipo di vaporizzazione di un liquido che avviene dalla superficie verso una fase gassosa non satura della sostanza evaporante. L&#8217;altro tipo di vaporizzazione \u00e8 l&#8217;ebollizione, caratterizzata dalla formazione di bolle di vapore saturo nella fase liquida.<br \/>\nIl vapore prodotto in una caldaia \u00e8 un altro esempio di evaporazione in fase vapore satura. Gli evaporatori sono attualmente utilizzati negli impianti ZLD come fase finale di un processo di riciclo completo.<br \/>\nL&#8217;acqua ottenuta \u00e8 &#8220;distilled&#8221; water with approx zero salinity and perfect for reuse.<br \/>\nThere are 3 evaporation technology: Heat pump, thermo compression and Multistage system. While Heat pump and Thermocmpression use Electricity, Multistage (double or triple stage) use hot water or steam and can accept any waste calor sorce available recovering energy.In addition Multistage can be equipped with strong advantages with COGENERATION units with approx 70% of energy cost reduction.<\/p>\n<\/div><\/div><div class=\"w-separator size_small\"><\/div><\/div><\/div><\/div><div class=\"vc_col-sm-3 wpb_column vc_column_container sidebar-pagina has_bg_color\"><div class=\"vc_column-inner us_custom_0d15be52\"><div class=\"wpb_wrapper\">[vc_widget_sidebar sidebar_id=&#8221;default_sidebar&#8221;]<\/div><\/div><\/div><\/div><\/div><\/section>\n","protected":false},"excerpt":{"rendered":"Trattamento Acque ReflueI processi di trattamento delle acque reflue dedicati alle linee di finitura metallica sono realizzati da specifici impianti di trattamento acque reflue dotati di diverse fasi di depurazione in base alla qualit\u00e0 dell&#8217;inquinamento. In molti casi l&#8217;impianto di trattamento acque reflue deve realizzare una depurazione speciale in grado di consentire il riutilizzo delle...","protected":false},"author":1,"featured_media":9599,"parent":9826,"menu_order":0,"comment_status":"closed","ping_status":"closed","template":"","meta":{"footnotes":""},"categories":[],"tags":[],"class_list":["post-9829","page","type-page","status-publish","has-post-thumbnail","hentry"],"yoast_head":"<!-- This site is optimized with the Yoast SEO plugin v27.6 - https:\/\/yoast.com\/product\/yoast-seo-wordpress\/ -->\n<title>Impianti Trattamento Acque Reflue Finitura Metallica | MST Chemicals<\/title>\n<meta name=\"description\" content=\"La tecnologia MST Chemicals per impianti di trattamento acque reflue nella finitura metallica \u00e8 in grado di convertire le acque reflue in effluente per il riciclo dell&#039;acqua.\" \/>\n<meta name=\"robots\" content=\"index, follow, max-snippet:-1, max-image-preview:large, max-video-preview:-1\" \/>\n<link rel=\"canonical\" href=\"https:\/\/mstchemicals.com\/it\/specialita\/impianti-trattamento-acque-reflue-finitura-metallica\/\" \/>\n<meta property=\"og:locale\" content=\"it_IT\" \/>\n<meta property=\"og:type\" content=\"article\" \/>\n<meta property=\"og:title\" content=\"Impianti Trattamento Acque Reflue Finitura Metallica | MST Chemicals\" \/>\n<meta property=\"og:description\" content=\"La tecnologia MST Chemicals per impianti di trattamento acque reflue nella finitura metallica \u00e8 in grado di convertire le acque reflue in effluente per il riciclo dell&#039;acqua.\" \/>\n<meta property=\"og:url\" content=\"https:\/\/mstchemicals.com\/it\/specialita\/impianti-trattamento-acque-reflue-finitura-metallica\/\" \/>\n<meta property=\"og:site_name\" content=\"MST Chemicals\" \/>\n<meta property=\"article:modified_time\" content=\"2026-04-27T08:13:28+00:00\" \/>\n<meta property=\"og:image\" content=\"https:\/\/mstchemicals.com\/wp-content\/uploads\/metal-finishing-waste-water-treatment.webp\" \/>\n\t<meta property=\"og:image:width\" content=\"1500\" \/>\n\t<meta property=\"og:image:height\" content=\"956\" \/>\n\t<meta property=\"og:image:type\" content=\"image\/webp\" \/>\n<meta name=\"twitter:card\" content=\"summary_large_image\" \/>\n<meta name=\"twitter:label1\" content=\"Tempo di lettura stimato\" \/>\n\t<meta name=\"twitter:data1\" content=\"7 minuti\" \/>\n<script type=\"application\/ld+json\" class=\"yoast-schema-graph\">{\"@context\":\"https:\\\/\\\/schema.org\",\"@graph\":[{\"@type\":\"WebPage\",\"@id\":\"https:\\\/\\\/mstchemicals.com\\\/it\\\/specialita\\\/impianti-trattamento-acque-reflue-finitura-metallica\\\/\",\"url\":\"https:\\\/\\\/mstchemicals.com\\\/it\\\/specialita\\\/impianti-trattamento-acque-reflue-finitura-metallica\\\/\",\"name\":\"Impianti Trattamento Acque Reflue Finitura Metallica | MST Chemicals\",\"isPartOf\":{\"@id\":\"https:\\\/\\\/mstchemicals.com\\\/it\\\/#website\"},\"primaryImageOfPage\":{\"@id\":\"https:\\\/\\\/mstchemicals.com\\\/it\\\/specialita\\\/impianti-trattamento-acque-reflue-finitura-metallica\\\/#primaryimage\"},\"image\":{\"@id\":\"https:\\\/\\\/mstchemicals.com\\\/it\\\/specialita\\\/impianti-trattamento-acque-reflue-finitura-metallica\\\/#primaryimage\"},\"thumbnailUrl\":\"https:\\\/\\\/mstchemicals.com\\\/wp-content\\\/uploads\\\/metal-finishing-waste-water-treatment.webp\",\"datePublished\":\"2021-10-28T08:47:54+00:00\",\"dateModified\":\"2026-04-27T08:13:28+00:00\",\"description\":\"La tecnologia MST Chemicals per impianti di trattamento acque reflue nella finitura metallica \u00e8 in grado di convertire le acque reflue in effluente per il riciclo dell'acqua.\",\"breadcrumb\":{\"@id\":\"https:\\\/\\\/mstchemicals.com\\\/it\\\/specialita\\\/impianti-trattamento-acque-reflue-finitura-metallica\\\/#breadcrumb\"},\"inLanguage\":\"it-IT\",\"potentialAction\":[{\"@type\":\"ReadAction\",\"target\":[\"https:\\\/\\\/mstchemicals.com\\\/it\\\/specialita\\\/impianti-trattamento-acque-reflue-finitura-metallica\\\/\"]}]},{\"@type\":\"ImageObject\",\"inLanguage\":\"it-IT\",\"@id\":\"https:\\\/\\\/mstchemicals.com\\\/it\\\/specialita\\\/impianti-trattamento-acque-reflue-finitura-metallica\\\/#primaryimage\",\"url\":\"https:\\\/\\\/mstchemicals.com\\\/wp-content\\\/uploads\\\/metal-finishing-waste-water-treatment.webp\",\"contentUrl\":\"https:\\\/\\\/mstchemicals.com\\\/wp-content\\\/uploads\\\/metal-finishing-waste-water-treatment.webp\",\"width\":1500,\"height\":956,\"caption\":\"metal finishing waste water treatment\"},{\"@type\":\"BreadcrumbList\",\"@id\":\"https:\\\/\\\/mstchemicals.com\\\/it\\\/specialita\\\/impianti-trattamento-acque-reflue-finitura-metallica\\\/#breadcrumb\",\"itemListElement\":[{\"@type\":\"ListItem\",\"position\":1,\"name\":\"Home\",\"item\":\"https:\\\/\\\/mstchemicals.com\\\/it\\\/\"},{\"@type\":\"ListItem\",\"position\":2,\"name\":\"Specialit\u00e0\",\"item\":\"https:\\\/\\\/mstchemicals.com\\\/it\\\/specialties\\\/\"},{\"@type\":\"ListItem\",\"position\":3,\"name\":\"Trattamento Acque Reflue\"}]},{\"@type\":\"WebSite\",\"@id\":\"https:\\\/\\\/mstchemicals.com\\\/it\\\/#website\",\"url\":\"https:\\\/\\\/mstchemicals.com\\\/it\\\/\",\"name\":\"MST Chemicals\",\"description\":\"Chemicals and Technologies for waste Water treatment &amp; Zero Liquid Discharge\",\"potentialAction\":[{\"@type\":\"SearchAction\",\"target\":{\"@type\":\"EntryPoint\",\"urlTemplate\":\"https:\\\/\\\/mstchemicals.com\\\/it\\\/?s={search_term_string}\"},\"query-input\":{\"@type\":\"PropertyValueSpecification\",\"valueRequired\":true,\"valueName\":\"search_term_string\"}}],\"inLanguage\":\"it-IT\"}]}<\/script>\n<!-- \/ Yoast SEO plugin. -->","yoast_head_json":{"title":"Impianti Trattamento Acque Reflue Finitura Metallica | MST Chemicals","description":"La tecnologia MST Chemicals per impianti di trattamento acque reflue nella finitura metallica \u00e8 in grado di convertire le acque reflue in effluente per il riciclo dell'acqua.","robots":{"index":"index","follow":"follow","max-snippet":"max-snippet:-1","max-image-preview":"max-image-preview:large","max-video-preview":"max-video-preview:-1"},"canonical":"https:\/\/mstchemicals.com\/it\/specialita\/impianti-trattamento-acque-reflue-finitura-metallica\/","og_locale":"it_IT","og_type":"article","og_title":"Impianti Trattamento Acque Reflue Finitura Metallica | MST Chemicals","og_description":"La tecnologia MST Chemicals per impianti di trattamento acque reflue nella finitura metallica \u00e8 in grado di convertire le acque reflue in effluente per il riciclo dell'acqua.","og_url":"https:\/\/mstchemicals.com\/it\/specialita\/impianti-trattamento-acque-reflue-finitura-metallica\/","og_site_name":"MST Chemicals","article_modified_time":"2026-04-27T08:13:28+00:00","og_image":[{"width":1500,"height":956,"url":"https:\/\/mstchemicals.com\/wp-content\/uploads\/metal-finishing-waste-water-treatment.webp","type":"image\/webp"}],"twitter_card":"summary_large_image","twitter_misc":{"Tempo di lettura stimato":"7 minuti"},"schema":{"@context":"https:\/\/schema.org","@graph":[{"@type":"WebPage","@id":"https:\/\/mstchemicals.com\/it\/specialita\/impianti-trattamento-acque-reflue-finitura-metallica\/","url":"https:\/\/mstchemicals.com\/it\/specialita\/impianti-trattamento-acque-reflue-finitura-metallica\/","name":"Impianti Trattamento Acque Reflue Finitura Metallica | MST Chemicals","isPartOf":{"@id":"https:\/\/mstchemicals.com\/it\/#website"},"primaryImageOfPage":{"@id":"https:\/\/mstchemicals.com\/it\/specialita\/impianti-trattamento-acque-reflue-finitura-metallica\/#primaryimage"},"image":{"@id":"https:\/\/mstchemicals.com\/it\/specialita\/impianti-trattamento-acque-reflue-finitura-metallica\/#primaryimage"},"thumbnailUrl":"https:\/\/mstchemicals.com\/wp-content\/uploads\/metal-finishing-waste-water-treatment.webp","datePublished":"2021-10-28T08:47:54+00:00","dateModified":"2026-04-27T08:13:28+00:00","description":"La tecnologia MST Chemicals per impianti di trattamento acque reflue nella finitura metallica \u00e8 in grado di convertire le acque reflue in effluente per il riciclo dell'acqua.","breadcrumb":{"@id":"https:\/\/mstchemicals.com\/it\/specialita\/impianti-trattamento-acque-reflue-finitura-metallica\/#breadcrumb"},"inLanguage":"it-IT","potentialAction":[{"@type":"ReadAction","target":["https:\/\/mstchemicals.com\/it\/specialita\/impianti-trattamento-acque-reflue-finitura-metallica\/"]}]},{"@type":"ImageObject","inLanguage":"it-IT","@id":"https:\/\/mstchemicals.com\/it\/specialita\/impianti-trattamento-acque-reflue-finitura-metallica\/#primaryimage","url":"https:\/\/mstchemicals.com\/wp-content\/uploads\/metal-finishing-waste-water-treatment.webp","contentUrl":"https:\/\/mstchemicals.com\/wp-content\/uploads\/metal-finishing-waste-water-treatment.webp","width":1500,"height":956,"caption":"metal finishing waste water treatment"},{"@type":"BreadcrumbList","@id":"https:\/\/mstchemicals.com\/it\/specialita\/impianti-trattamento-acque-reflue-finitura-metallica\/#breadcrumb","itemListElement":[{"@type":"ListItem","position":1,"name":"Home","item":"https:\/\/mstchemicals.com\/it\/"},{"@type":"ListItem","position":2,"name":"Specialit\u00e0","item":"https:\/\/mstchemicals.com\/it\/specialties\/"},{"@type":"ListItem","position":3,"name":"Trattamento Acque Reflue"}]},{"@type":"WebSite","@id":"https:\/\/mstchemicals.com\/it\/#website","url":"https:\/\/mstchemicals.com\/it\/","name":"MST Chemicals","description":"Chemicals and Technologies for waste Water treatment &amp; Zero Liquid Discharge","potentialAction":[{"@type":"SearchAction","target":{"@type":"EntryPoint","urlTemplate":"https:\/\/mstchemicals.com\/it\/?s={search_term_string}"},"query-input":{"@type":"PropertyValueSpecification","valueRequired":true,"valueName":"search_term_string"}}],"inLanguage":"it-IT"}]}},"_links":{"self":[{"href":"https:\/\/mstchemicals.com\/it\/wp-json\/wp\/v2\/pages\/9829","targetHints":{"allow":["GET"]}}],"collection":[{"href":"https:\/\/mstchemicals.com\/it\/wp-json\/wp\/v2\/pages"}],"about":[{"href":"https:\/\/mstchemicals.com\/it\/wp-json\/wp\/v2\/types\/page"}],"author":[{"embeddable":true,"href":"https:\/\/mstchemicals.com\/it\/wp-json\/wp\/v2\/users\/1"}],"replies":[{"embeddable":true,"href":"https:\/\/mstchemicals.com\/it\/wp-json\/wp\/v2\/comments?post=9829"}],"version-history":[{"count":2,"href":"https:\/\/mstchemicals.com\/it\/wp-json\/wp\/v2\/pages\/9829\/revisions"}],"predecessor-version":[{"id":10124,"href":"https:\/\/mstchemicals.com\/it\/wp-json\/wp\/v2\/pages\/9829\/revisions\/10124"}],"up":[{"embeddable":true,"href":"https:\/\/mstchemicals.com\/it\/wp-json\/wp\/v2\/pages\/9826"}],"wp:featuredmedia":[{"embeddable":true,"href":"https:\/\/mstchemicals.com\/it\/wp-json\/wp\/v2\/media\/9599"}],"wp:attachment":[{"href":"https:\/\/mstchemicals.com\/it\/wp-json\/wp\/v2\/media?parent=9829"}],"wp:term":[{"taxonomy":"category","embeddable":true,"href":"https:\/\/mstchemicals.com\/it\/wp-json\/wp\/v2\/categories?post=9829"},{"taxonomy":"post_tag","embeddable":true,"href":"https:\/\/mstchemicals.com\/it\/wp-json\/wp\/v2\/tags?post=9829"}],"curies":[{"name":"wp","href":"https:\/\/api.w.org\/{rel}","templated":true}]}}