{"id":9828,"date":"2021-10-28T08:55:06","date_gmt":"2021-10-28T07:55:06","guid":{"rendered":"https:\/\/mstchemicals.com\/trattamento-acque-grezze\/"},"modified":"2026-04-24T13:20:38","modified_gmt":"2026-04-24T12:20:38","slug":"trattamento-acque-grezze","status":"publish","type":"page","link":"https:\/\/mstchemicals.com\/it\/specialita\/trattamento-acque-grezze\/","title":{"rendered":"Trattamento Acque Grezze"},"content":{"rendered":"<section class=\"l-section wpb_row height_medium\"><div class=\"l-section-h i-cf\"><div class=\"g-cols via_flex valign_top type_default\"><div class=\"vc_col-sm-9 wpb_column vc_column_container\"><div class=\"vc_column-inner\"><div class=\"wpb_wrapper\"><h1 class=\"w-post-elm post_title prodotti-titolo align_left entry-title color_link_inherit\">Trattamento Acque Grezze<\/h1><div class=\"w-separator size_small\"><\/div><div class=\"wpb_text_column\"><div class=\"wpb_wrapper\"><p><strong>Il trattamento industriale delle acque grezze<\/strong> consiste nel trattamento dell&#8217;acqua in ingresso per ottimizzare la maggior parte dei processi industriali a base acquosa, come riscaldamento, raffreddamento, lavorazione, pulizia e risciacquo. L&#8217;obiettivo finale \u00e8 ridurre i costi operativi e i rischi.<\/p>\n<p>Un trattamento insufficiente delle acque grezze pu\u00f2 causare gravi danni al processo e al prodotto finale. Le superfici di tubi e contenitori possono essere interessate dalla corrosione e le caldaie a vapore possono incrostarsi o corrodersi.<\/p>\n<p><strong>Vi supporteremo nel gestire le numerose sfide del trattamento delle acque grezze.<\/strong><\/p>\n<\/div><\/div><div class=\"w-separator size_small\"><\/div>[vc_custom_heading text=&#8221;Deionizzazione&#8221; font_container=&#8221;tag:h2|text_align:left|color:%23f18822&#8243; use_theme_fonts=&#8221;yes&#8221; el_class=&#8221;prodotti-sottotitolo&#8221;]<div class=\"wpb_text_column\"><div class=\"wpb_wrapper\"><p>L&#8217;acqua purificata \u00e8 acqua che \u00e8 stata filtrata meccanicamente o trattata per rimuovere le impurit\u00e0 e renderla idonea all&#8217;uso. L&#8217;acqua distillata \u00e8 stata la forma pi\u00f9 comune di acqua purificata, ma negli ultimi anni l&#8217;acqua viene sempre pi\u00f9 spesso purificata mediante altri processi tra cui la deionizzazione capacitiva, l&#8217;osmosi inversa, la filtrazione a carbone attivo, la microfiltrazione, l&#8217;ultrafiltrazione, l&#8217;ossidazione ultravioletta o l&#8217;elettrodeionizzazione.<\/p>\n<\/div><\/div><div class=\"w-separator size_small\"><\/div>[vc_custom_heading text=&#8221;Addolcimento&#8221; font_container=&#8221;tag:h2|text_align:left|color:%23f18822&#8243; use_theme_fonts=&#8221;yes&#8221; el_class=&#8221;prodotti-sottotitolo&#8221;]<div class=\"wpb_text_column\"><div class=\"wpb_wrapper\"><p>L&#8217;addolcimento dell&#8217;acqua \u00e8 la rimozione di calcio, magnesio e altri cationi metallici dall&#8217;acqua dura. L&#8217;acqua addolcita risultante \u00e8 pi\u00f9 compatibile con il sapone e prolunga la vita degli impianti idraulici. L&#8217;addolcimento viene solitamente ottenuto mediante addolcimento con calce o resine a scambio ionico.<\/p>\n<\/div><\/div><div class=\"w-separator size_small\"><\/div>[vc_custom_heading text=&#8221;Filtrazione Multimediale&#8221; font_container=&#8221;tag:h2|text_align:left|color:%23f18822&#8243; use_theme_fonts=&#8221;yes&#8221; el_class=&#8221;prodotti-sottotitolo&#8221;]<div class=\"wpb_text_column\"><div class=\"wpb_wrapper\"><p>I recipienti a pressione con sabbia o altri materiali sciolti, a diversa granulometria, sono ampiamente utilizzati nelle applicazioni di filtrazione industriale. Durante il ciclo di pulizia, detto &#8220;controlavaggio&#8221;, il letto viene sollevato (o fluidificato) per allentare il materiale filtrante e rilasciare lo sporco intrappolato, rimosso nel flusso di controlavaggio.<\/p>\n<\/div><\/div><div class=\"w-separator size_small\"><\/div>[vc_custom_heading text=&#8221;Filtrazione con Carbone Attivo Granulare&#8221; font_container=&#8221;tag:h2|text_align:left|color:%23f18822&#8243; use_theme_fonts=&#8221;yes&#8221; el_class=&#8221;prodotti-sottotitolo&#8221;]<div class=\"wpb_text_column\"><div class=\"wpb_wrapper\"><p>Il Carbone Attivo Granulare (GAC) \u00e8 un comune materiale filtrante utilizzato nei sistemi di filtrazione dell\u2019acqua. \u00c8 un metodo comprovato per rimuovere determinati prodotti chimici organici dall\u2019acqua. I filtri GAC sono anche efficaci nella rimozione di contaminanti che conferiscono odori o sapori sgradevoli all\u2019acqua potabile, come idrogeno solforato o cloro.<\/p>\n<\/div><\/div><div class=\"w-separator size_small\"><\/div>[vc_custom_heading text=&#8221;Deferrizzazione&#8221; font_container=&#8221;tag:h2|text_align:left|color:%23f18822&#8243; use_theme_fonts=&#8221;yes&#8221; el_class=&#8221;prodotti-sottotitolo&#8221;]<div class=\"wpb_text_column\"><div class=\"wpb_wrapper\"><p>L&#8217;ossidazione chimica genera la precipitazione di idrossido di Fe e Mn. Una filtrazione su sabbia finale \u00e8 solitamente sufficiente per rimuovere completamente Fe e Mn.<\/p>\n<\/div><\/div><div class=\"w-separator size_small\"><\/div>[vc_custom_heading text=&#8221;Clorazione e Declorazione&#8221; font_container=&#8221;tag:h2|text_align:left|color:%23f18822&#8243; use_theme_fonts=&#8221;yes&#8221; el_class=&#8221;prodotti-sottotitolo&#8221;]<div class=\"wpb_text_column\"><div class=\"wpb_wrapper\"><p>La clorazione dell&#8217;acqua \u00e8 il processo di aggiunta di cloro (Cl<sub>2<\/sub>) o ipoclorito all&#8217;acqua. Questo metodo viene utilizzato per eliminare determinati batteri e altri microrganismi nell&#8217;acqua di rubinetto, essendo il cloro altamente tossico. In particolare, la clorazione viene utilizzata per prevenire la diffusione di malattie trasmesse dall&#8217;acqua come colera, dissenteria, tifo ecc.<\/p>\n<\/div><\/div><div class=\"w-separator size_small\"><\/div>[vc_custom_heading text=&#8221;Disinfezione&#8221; font_container=&#8221;tag:h2|text_align:left|color:%23f18822&#8243; use_theme_fonts=&#8221;yes&#8221; el_class=&#8221;prodotti-sottotitolo&#8221;]<div class=\"wpb_text_column\"><div class=\"wpb_wrapper\"><p>La disinfezione dell&#8217;acqua consiste nella rimozione, disattivazione o eliminazione dei microrganismi patogeni. I microrganismi vengono distrutti o disattivati, con conseguente blocco della crescita e riproduzione. Quando i microrganismi non vengono rimossi dall&#8217;acqua potabile, il consumo causa malattie. La sterilizzazione \u00e8 un processo correlato alla disinfezione; durante la sterilizzazione tutti i microrganismi presenti vengono eliminati, sia quelli dannosi che quelli innocui. La disinfezione \u00e8 realizzata anche tramite filtri a raggi ultravioletti.<\/p>\n<\/div><\/div><div class=\"w-separator size_small\"><\/div>[vc_custom_heading text=&#8221;Osmosi Inversa&#8221; font_container=&#8221;tag:h2|text_align:left|color:%23f18822&#8243; use_theme_fonts=&#8221;yes&#8221; el_class=&#8221;prodotti-sottotitolo&#8221;]<div class=\"wpb_text_column\"><div class=\"wpb_wrapper\"><p>L&#8217;osmosi inversa (RO) \u00e8 una tecnologia di purificazione dell&#8217;acqua che utilizza una membrana semipermeabile per rimuovere ioni, molecole e particelle pi\u00f9 grandi dall&#8217;acqua potabile. Nell&#8217;osmosi inversa, una pressione applicata viene utilizzata per superare la pressione osmotica. L&#8217;osmosi inversa pu\u00f2 rimuovere molti tipi di specie disciolte e in sospensione dall&#8217;acqua, inclusi i batteri, ed \u00e8 utilizzata sia nei processi industrialie nella produzione di acqua potabile.<\/p>\n<\/div><\/div><div class=\"w-separator size_small\"><\/div><\/div><\/div><\/div><div class=\"vc_col-sm-3 wpb_column vc_column_container sidebar-pagina has_bg_color\"><div class=\"vc_column-inner us_custom_0d15be52\"><div class=\"wpb_wrapper\">[vc_widget_sidebar sidebar_id=&#8221;default_sidebar&#8221;]<\/div><\/div><\/div><\/div><\/div><\/section>\n","protected":false},"excerpt":{"rendered":"Trattamento Acque GrezzeIl trattamento industriale delle acque grezze consiste nel trattamento dell&#8217;acqua in ingresso per ottimizzare la maggior parte dei processi industriali a base acquosa, come riscaldamento, raffreddamento, lavorazione, pulizia e risciacquo. L&#8217;obiettivo finale \u00e8 ridurre i costi operativi e i rischi. Un trattamento insufficiente delle acque grezze pu\u00f2 causare gravi danni al processo e...","protected":false},"author":1,"featured_media":9598,"parent":9826,"menu_order":0,"comment_status":"closed","ping_status":"closed","template":"","meta":{"footnotes":""},"categories":[],"tags":[],"class_list":["post-9828","page","type-page","status-publish","has-post-thumbnail","hentry"],"yoast_head":"<!-- This site is optimized with the Yoast SEO plugin v27.6 - https:\/\/yoast.com\/product\/yoast-seo-wordpress\/ -->\n<title>Trattamento Industriale Acque Grezze | MST Chemicals<\/title>\n<meta name=\"description\" content=\"Il trattamento industriale delle acque grezze \u00e8 utilizzato da MST Chemicals per ottimizzare la maggior parte dei processi industriali a base acquosa, riducendo costi operativi e rischi.\" \/>\n<meta name=\"robots\" content=\"index, follow, max-snippet:-1, max-image-preview:large, max-video-preview:-1\" \/>\n<link rel=\"canonical\" href=\"https:\/\/mstchemicals.com\/it\/specialita\/trattamento-acque-grezze\/\" \/>\n<meta property=\"og:locale\" content=\"it_IT\" \/>\n<meta property=\"og:type\" content=\"article\" \/>\n<meta property=\"og:title\" content=\"Trattamento Industriale Acque Grezze | MST Chemicals\" \/>\n<meta property=\"og:description\" content=\"Il trattamento industriale delle acque grezze \u00e8 utilizzato da MST Chemicals per ottimizzare la maggior parte dei processi industriali a base acquosa, riducendo costi operativi e rischi.\" \/>\n<meta property=\"og:url\" content=\"https:\/\/mstchemicals.com\/it\/specialita\/trattamento-acque-grezze\/\" \/>\n<meta property=\"og:site_name\" content=\"MST Chemicals\" \/>\n<meta property=\"article:modified_time\" content=\"2026-04-24T12:20:38+00:00\" \/>\n<meta property=\"og:image\" content=\"https:\/\/mstchemicals.com\/wp-content\/uploads\/industrial-raw-water-treatment.webp\" \/>\n\t<meta property=\"og:image:width\" content=\"600\" \/>\n\t<meta property=\"og:image:height\" content=\"600\" \/>\n\t<meta property=\"og:image:type\" content=\"image\/webp\" \/>\n<meta name=\"twitter:card\" content=\"summary_large_image\" \/>\n<meta name=\"twitter:label1\" content=\"Tempo di lettura stimato\" \/>\n\t<meta name=\"twitter:data1\" content=\"4 minuti\" \/>\n<script type=\"application\/ld+json\" class=\"yoast-schema-graph\">{\"@context\":\"https:\\\/\\\/schema.org\",\"@graph\":[{\"@type\":\"WebPage\",\"@id\":\"https:\\\/\\\/mstchemicals.com\\\/it\\\/specialita\\\/trattamento-acque-grezze\\\/\",\"url\":\"https:\\\/\\\/mstchemicals.com\\\/it\\\/specialita\\\/trattamento-acque-grezze\\\/\",\"name\":\"Trattamento Industriale Acque Grezze | MST Chemicals\",\"isPartOf\":{\"@id\":\"https:\\\/\\\/mstchemicals.com\\\/it\\\/#website\"},\"primaryImageOfPage\":{\"@id\":\"https:\\\/\\\/mstchemicals.com\\\/it\\\/specialita\\\/trattamento-acque-grezze\\\/#primaryimage\"},\"image\":{\"@id\":\"https:\\\/\\\/mstchemicals.com\\\/it\\\/specialita\\\/trattamento-acque-grezze\\\/#primaryimage\"},\"thumbnailUrl\":\"https:\\\/\\\/mstchemicals.com\\\/wp-content\\\/uploads\\\/industrial-raw-water-treatment.webp\",\"datePublished\":\"2021-10-28T07:55:06+00:00\",\"dateModified\":\"2026-04-24T12:20:38+00:00\",\"description\":\"Il trattamento industriale delle acque grezze \u00e8 utilizzato da MST Chemicals per ottimizzare la maggior parte dei processi industriali a base acquosa, riducendo costi operativi e rischi.\",\"breadcrumb\":{\"@id\":\"https:\\\/\\\/mstchemicals.com\\\/it\\\/specialita\\\/trattamento-acque-grezze\\\/#breadcrumb\"},\"inLanguage\":\"it-IT\",\"potentialAction\":[{\"@type\":\"ReadAction\",\"target\":[\"https:\\\/\\\/mstchemicals.com\\\/it\\\/specialita\\\/trattamento-acque-grezze\\\/\"]}]},{\"@type\":\"ImageObject\",\"inLanguage\":\"it-IT\",\"@id\":\"https:\\\/\\\/mstchemicals.com\\\/it\\\/specialita\\\/trattamento-acque-grezze\\\/#primaryimage\",\"url\":\"https:\\\/\\\/mstchemicals.com\\\/wp-content\\\/uploads\\\/industrial-raw-water-treatment.webp\",\"contentUrl\":\"https:\\\/\\\/mstchemicals.com\\\/wp-content\\\/uploads\\\/industrial-raw-water-treatment.webp\",\"width\":600,\"height\":600,\"caption\":\"industrial raw water treatment\"},{\"@type\":\"BreadcrumbList\",\"@id\":\"https:\\\/\\\/mstchemicals.com\\\/it\\\/specialita\\\/trattamento-acque-grezze\\\/#breadcrumb\",\"itemListElement\":[{\"@type\":\"ListItem\",\"position\":1,\"name\":\"Home\",\"item\":\"https:\\\/\\\/mstchemicals.com\\\/it\\\/\"},{\"@type\":\"ListItem\",\"position\":2,\"name\":\"Specialit\u00e0\",\"item\":\"https:\\\/\\\/mstchemicals.com\\\/it\\\/specialties\\\/\"},{\"@type\":\"ListItem\",\"position\":3,\"name\":\"Trattamento Acque Grezze\"}]},{\"@type\":\"WebSite\",\"@id\":\"https:\\\/\\\/mstchemicals.com\\\/it\\\/#website\",\"url\":\"https:\\\/\\\/mstchemicals.com\\\/it\\\/\",\"name\":\"MST Chemicals\",\"description\":\"Chemicals and Technologies for waste Water treatment &amp; Zero Liquid Discharge\",\"potentialAction\":[{\"@type\":\"SearchAction\",\"target\":{\"@type\":\"EntryPoint\",\"urlTemplate\":\"https:\\\/\\\/mstchemicals.com\\\/it\\\/?s={search_term_string}\"},\"query-input\":{\"@type\":\"PropertyValueSpecification\",\"valueRequired\":true,\"valueName\":\"search_term_string\"}}],\"inLanguage\":\"it-IT\"}]}<\/script>\n<!-- \/ Yoast SEO plugin. -->","yoast_head_json":{"title":"Trattamento Industriale Acque Grezze | MST Chemicals","description":"Il trattamento industriale delle acque grezze \u00e8 utilizzato da MST Chemicals per ottimizzare la maggior parte dei processi industriali a base acquosa, riducendo costi operativi e rischi.","robots":{"index":"index","follow":"follow","max-snippet":"max-snippet:-1","max-image-preview":"max-image-preview:large","max-video-preview":"max-video-preview:-1"},"canonical":"https:\/\/mstchemicals.com\/it\/specialita\/trattamento-acque-grezze\/","og_locale":"it_IT","og_type":"article","og_title":"Trattamento Industriale Acque Grezze | MST Chemicals","og_description":"Il trattamento industriale delle acque grezze \u00e8 utilizzato da MST Chemicals per ottimizzare la maggior parte dei processi industriali a base acquosa, riducendo costi operativi e rischi.","og_url":"https:\/\/mstchemicals.com\/it\/specialita\/trattamento-acque-grezze\/","og_site_name":"MST Chemicals","article_modified_time":"2026-04-24T12:20:38+00:00","og_image":[{"width":600,"height":600,"url":"https:\/\/mstchemicals.com\/wp-content\/uploads\/industrial-raw-water-treatment.webp","type":"image\/webp"}],"twitter_card":"summary_large_image","twitter_misc":{"Tempo di lettura stimato":"4 minuti"},"schema":{"@context":"https:\/\/schema.org","@graph":[{"@type":"WebPage","@id":"https:\/\/mstchemicals.com\/it\/specialita\/trattamento-acque-grezze\/","url":"https:\/\/mstchemicals.com\/it\/specialita\/trattamento-acque-grezze\/","name":"Trattamento Industriale Acque Grezze | MST Chemicals","isPartOf":{"@id":"https:\/\/mstchemicals.com\/it\/#website"},"primaryImageOfPage":{"@id":"https:\/\/mstchemicals.com\/it\/specialita\/trattamento-acque-grezze\/#primaryimage"},"image":{"@id":"https:\/\/mstchemicals.com\/it\/specialita\/trattamento-acque-grezze\/#primaryimage"},"thumbnailUrl":"https:\/\/mstchemicals.com\/wp-content\/uploads\/industrial-raw-water-treatment.webp","datePublished":"2021-10-28T07:55:06+00:00","dateModified":"2026-04-24T12:20:38+00:00","description":"Il trattamento industriale delle acque grezze \u00e8 utilizzato da MST Chemicals per ottimizzare la maggior parte dei processi industriali a base acquosa, riducendo costi operativi e rischi.","breadcrumb":{"@id":"https:\/\/mstchemicals.com\/it\/specialita\/trattamento-acque-grezze\/#breadcrumb"},"inLanguage":"it-IT","potentialAction":[{"@type":"ReadAction","target":["https:\/\/mstchemicals.com\/it\/specialita\/trattamento-acque-grezze\/"]}]},{"@type":"ImageObject","inLanguage":"it-IT","@id":"https:\/\/mstchemicals.com\/it\/specialita\/trattamento-acque-grezze\/#primaryimage","url":"https:\/\/mstchemicals.com\/wp-content\/uploads\/industrial-raw-water-treatment.webp","contentUrl":"https:\/\/mstchemicals.com\/wp-content\/uploads\/industrial-raw-water-treatment.webp","width":600,"height":600,"caption":"industrial raw water treatment"},{"@type":"BreadcrumbList","@id":"https:\/\/mstchemicals.com\/it\/specialita\/trattamento-acque-grezze\/#breadcrumb","itemListElement":[{"@type":"ListItem","position":1,"name":"Home","item":"https:\/\/mstchemicals.com\/it\/"},{"@type":"ListItem","position":2,"name":"Specialit\u00e0","item":"https:\/\/mstchemicals.com\/it\/specialties\/"},{"@type":"ListItem","position":3,"name":"Trattamento Acque Grezze"}]},{"@type":"WebSite","@id":"https:\/\/mstchemicals.com\/it\/#website","url":"https:\/\/mstchemicals.com\/it\/","name":"MST Chemicals","description":"Chemicals and Technologies for waste Water treatment &amp; Zero Liquid Discharge","potentialAction":[{"@type":"SearchAction","target":{"@type":"EntryPoint","urlTemplate":"https:\/\/mstchemicals.com\/it\/?s={search_term_string}"},"query-input":{"@type":"PropertyValueSpecification","valueRequired":true,"valueName":"search_term_string"}}],"inLanguage":"it-IT"}]}},"_links":{"self":[{"href":"https:\/\/mstchemicals.com\/it\/wp-json\/wp\/v2\/pages\/9828","targetHints":{"allow":["GET"]}}],"collection":[{"href":"https:\/\/mstchemicals.com\/it\/wp-json\/wp\/v2\/pages"}],"about":[{"href":"https:\/\/mstchemicals.com\/it\/wp-json\/wp\/v2\/types\/page"}],"author":[{"embeddable":true,"href":"https:\/\/mstchemicals.com\/it\/wp-json\/wp\/v2\/users\/1"}],"replies":[{"embeddable":true,"href":"https:\/\/mstchemicals.com\/it\/wp-json\/wp\/v2\/comments?post=9828"}],"version-history":[{"count":1,"href":"https:\/\/mstchemicals.com\/it\/wp-json\/wp\/v2\/pages\/9828\/revisions"}],"predecessor-version":[{"id":9963,"href":"https:\/\/mstchemicals.com\/it\/wp-json\/wp\/v2\/pages\/9828\/revisions\/9963"}],"up":[{"embeddable":true,"href":"https:\/\/mstchemicals.com\/it\/wp-json\/wp\/v2\/pages\/9826"}],"wp:featuredmedia":[{"embeddable":true,"href":"https:\/\/mstchemicals.com\/it\/wp-json\/wp\/v2\/media\/9598"}],"wp:attachment":[{"href":"https:\/\/mstchemicals.com\/it\/wp-json\/wp\/v2\/media?parent=9828"}],"wp:term":[{"taxonomy":"category","embeddable":true,"href":"https:\/\/mstchemicals.com\/it\/wp-json\/wp\/v2\/categories?post=9828"},{"taxonomy":"post_tag","embeddable":true,"href":"https:\/\/mstchemicals.com\/it\/wp-json\/wp\/v2\/tags?post=9828"}],"curies":[{"name":"wp","href":"https:\/\/api.w.org\/{rel}","templated":true}]}}