{"id":9826,"date":"2021-10-01T10:09:13","date_gmt":"2021-10-01T09:09:13","guid":{"rendered":"https:\/\/mstchemicals.com\/specialita\/"},"modified":"2026-04-24T13:20:38","modified_gmt":"2026-04-24T12:20:38","slug":"specialita","status":"publish","type":"page","link":"https:\/\/mstchemicals.com\/it\/specialita\/","title":{"rendered":"Specialit\u00e0"},"content":{"rendered":"<section class=\"l-section wpb_row riga-target-home height_medium\"><div class=\"l-section-h i-cf\"><div class=\"g-cols via_flex valign_top type_default\"><div class=\"vc_col-sm-12 wpb_column vc_column_container\"><div class=\"vc_column-inner\"><div class=\"wpb_wrapper\"><h1 class=\"w-post-elm post_title prodotti-titolo align_left entry-title color_link_inherit\">Specialit\u00e0<\/h1><div class=\"w-separator size_small\"><\/div><\/div><\/div><\/div><div class=\"vc_col-sm-4 wpb_column vc_column_container colonna-pagina-generale-prodotto primo margin-bottom\"><div class=\"vc_column-inner\"><div class=\"wpb_wrapper\"><div class=\"w-iconbox prodotto-singolo-generale iconpos_left style_default color_secondary align_left no_title\"><div class=\"w-iconbox-icon\" style=\"font-size:1.7rem;\"><i class=\"fas fa-fas fa-bullseye\"><\/i><\/div><div class=\"w-iconbox-meta\"><div class=\"w-iconbox-text\"><h2>Zero Liquid Discharge<\/h2>\n<p>Zero Liquid Discharge (ZLD) systems employ the most advanced wastewater treatment technologies to purify and recycle virtually all of the wastewater produced by using highly sophisticated plants for the purification.<\/p>\n<\/div><\/div><\/div><div class=\"w-separator size_small\"><\/div><div class=\"w-btn-wrapper align_none\"><a class=\"w-btn us-btn-style_1 pulsante-pagina-generale-prodotti icon_atright\" title=\"Scarico Liquido Zero\" href=\"\/it\/specialties\/zero-liquid-discharge\/\"><span class=\"w-btn-label\">Scarico Liquido Zero<\/span><i class=\"fas fa-fas fa-arrow-right\"><\/i><\/a><\/div><\/div><\/div><\/div><div class=\"vc_col-sm-4 wpb_column vc_column_container colonna-pagina-generale-prodotto secondo margin-bottom\"><div class=\"vc_column-inner\"><div class=\"wpb_wrapper\"><div class=\"w-iconbox prodotto-singolo-generale iconpos_left style_default color_secondary align_left no_title\"><div class=\"w-iconbox-icon\" style=\"font-size:1.7rem;\"><i class=\"fas fa-fas fa-bullseye\"><\/i><\/div><div class=\"w-iconbox-meta\"><div class=\"w-iconbox-text\"><h2>Trattamento Acque Grezze<\/h2>\n<p>Il trattamento industriale delle acque grezze \u00e8 il trattamento dell&#8217;acqua in ingresso utilizzato per ottimizzare la maggior parte dei processi industriali a base acquosa, come riscaldamento, raffreddamento, lavorazione, pulizia e risciacquo.<\/p>\n<\/div><\/div><\/div><div class=\"w-separator size_small\"><\/div><div class=\"w-btn-wrapper align_none\"><a class=\"w-btn us-btn-style_1 pulsante-pagina-generale-prodotti icon_atright\" title=\"Trattamento Acque Grezze\" href=\"\/it\/specialties\/raw-water-treatment\/\"><span class=\"w-btn-label\">Trattamento Acque Grezze<\/span><i class=\"fas fa-fas fa-arrow-right\"><\/i><\/a><\/div><\/div><\/div><\/div><div class=\"vc_col-sm-4 wpb_column vc_column_container colonna-pagina-generale-prodotto terzo margin-bottom\"><div class=\"vc_column-inner us_custom_fc811230\"><div class=\"wpb_wrapper\"><div class=\"w-iconbox prodotto-singolo-generale iconpos_left style_default color_secondary align_left no_title\"><div class=\"w-iconbox-icon\" style=\"font-size:1.7rem;\"><i class=\"fas fa-fas fa-bullseye\"><\/i><\/div><div class=\"w-iconbox-meta\"><div class=\"w-iconbox-text\"><h2>Trattamento Acque Reflue<\/h2>\n<p>Il trattamento delle acque reflue \u00e8 un processo per convertire le acque reflue in un effluente che pu\u00f2 essere reimmesso nel ciclo idrico con impatti ambientali minimi o riutilizzato.<\/p>\n<\/div><\/div><\/div><div class=\"w-separator size_small\"><\/div><div class=\"w-btn-wrapper align_none\"><a class=\"w-btn us-btn-style_1 pulsante-pagina-generale-prodotti icon_atright\" title=\"Trattamento Acque Reflue\" href=\"\/it\/waste-water-treatment\/\"><span class=\"w-btn-label\">Trattamento Acque Reflue<\/span><i class=\"fas fa-fas fa-arrow-right\"><\/i><\/a><\/div><\/div><\/div><\/div><div class=\"vc_col-sm-4 wpb_column vc_column_container colonna-pagina-generale-prodotto\"><div class=\"vc_column-inner\"><div class=\"wpb_wrapper\"><div class=\"w-iconbox prodotto-singolo-generale iconpos_left style_default color_secondary align_left no_title\"><div class=\"w-iconbox-icon\" style=\"font-size:1.7rem;\"><i class=\"fas fa-fas fa-bullseye\"><\/i><\/div><div class=\"w-iconbox-meta\"><div class=\"w-iconbox-text\"><h2>Tecnologie Speciali<\/h2>\n<p>Prodotti speciali per attivit\u00e0 e settori specifici.<\/p>\n<\/div><\/div><\/div><div class=\"w-separator size_small\"><\/div><div class=\"w-btn-wrapper align_none\"><a class=\"w-btn us-btn-style_1 pulsante-pagina-generale-prodotti icon_atright\" title=\"Tecnologie Speciali\" href=\"\/it\/special-technologies\/\"><span class=\"w-btn-label\">Tecnologie Speciali<\/span><i class=\"fas fa-fas fa-arrow-right\"><\/i><\/a><\/div><\/div><\/div><\/div><div class=\"vc_col-sm-4 wpb_column vc_column_container colonna-pagina-generale-prodotto\"><div class=\"vc_column-inner\"><div class=\"wpb_wrapper\"><div class=\"w-iconbox prodotto-singolo-generale iconpos_left style_default color_secondary align_left no_title\"><div class=\"w-iconbox-icon\" style=\"font-size:1.7rem;\"><i class=\"fas fa-fas fa-bullseye\"><\/i><\/div><div class=\"w-iconbox-meta\"><div class=\"w-iconbox-text\"><h2>Lattine per Bevande in Alluminio<\/h2>\n<p>Le lattine moderne sono prodotte attraverso un processo meccanico di formatura a freddo, che inizia con la punzonatura di un foglio piatto da una bobina di alluminio.<\/p>\n<\/div><\/div><\/div><div class=\"w-separator size_small\"><\/div><div class=\"w-btn-wrapper align_none\"><a class=\"w-btn us-btn-style_1 pulsante-pagina-generale-prodotti icon_atright\" title=\"Lattine per Bevande in Alluminio\" href=\"\/it\/specialties\/aluminum-beverage-cans\/\"><span class=\"w-btn-label\">Lattine per Bevande in Alluminio<\/span><i class=\"fas fa-fas fa-arrow-right\"><\/i><\/a><\/div><\/div><\/div><\/div><div class=\"vc_col-sm-4 wpb_column vc_column_container\"><div class=\"vc_column-inner\"><div class=\"wpb_wrapper\"><\/div><\/div><\/div><\/div><\/div><\/section><section class=\"l-section wpb_row cta-riga-blocco height_medium width_full\"><div class=\"l-section-h i-cf\"><div class=\"g-cols via_flex valign_top type_default\"><div class=\"vc_col-sm-12 wpb_column vc_column_container\"><div class=\"vc_column-inner\"><div class=\"wpb_wrapper\"><section class=\"l-section wpb_row height_small color_primary\" id=\"fourth\"><div class=\"l-section-h i-cf\"><div class=\"g-cols via_flex valign_top type_default\"><div class=\"vc_col-sm-12 wpb_column vc_column_container\"><div class=\"vc_column-inner\"><div class=\"wpb_wrapper\"><div class=\"w-actionbox cta-contact color_primary controls_right\"><div class=\"w-actionbox-text\"><p class=\"w-actionbox-title\">Hai delle domande?<\/p><div class=\"w-actionbox-description\"><p>Se hai domande o hai bisogno di ulteriori informazioni, clicca il pulsante qui sotto e compila il modulo di contatto.<\/p>\n<\/div><\/div><div class=\"w-actionbox-controls\"><a class=\"w-btn us-btn-style_4\" title=\"Contattaci\" href=\"\/it\/contact\/\" style=\"font-size:1rem;\"><span class=\"w-btn-label\">Contattaci<\/span><\/a><a class=\"w-btn us-btn-style_2\" href=\"tel:+390298264351\"><span class=\"w-btn-label\">Chiamaci<\/span><\/a><\/div><\/div><\/div><\/div><\/div><\/div><\/div><\/section>\n<\/div><\/div><\/div><\/div><\/div><\/section>\n","protected":false},"excerpt":{"rendered":"Specialit\u00e0Zero Liquid Discharge Zero Liquid Discharge (ZLD) systems employ the most advanced wastewater treatment technologies to purify and recycle virtually all of the wastewater produced by using highly sophisticated plants for the purification. Scarico Liquido ZeroTrattamento Acque Grezze Il trattamento industriale delle acque grezze \u00e8 il trattamento dell'acqua in ingresso utilizzato per ottimizzare la maggior...","protected":false},"author":1,"featured_media":9595,"parent":0,"menu_order":0,"comment_status":"closed","ping_status":"closed","template":"","meta":{"footnotes":""},"categories":[],"tags":[],"class_list":["post-9826","page","type-page","status-publish","has-post-thumbnail","hentry"],"yoast_head":"<!-- This site is optimized with the Yoast SEO plugin v27.6 - https:\/\/yoast.com\/product\/yoast-seo-wordpress\/ -->\n<title>Impianti Specialit\u00e0 Acque Reflue | MST Chemicals<\/title>\n<meta name=\"description\" content=\"Scopri le specialit\u00e0 per impianti di trattamento acque reflue di MST Chemicals e le loro tecnologie pi\u00f9 avanzate, risciacquo ZLD e trattamento acque reflue.\" \/>\n<meta name=\"robots\" content=\"index, follow, max-snippet:-1, max-image-preview:large, max-video-preview:-1\" \/>\n<link rel=\"canonical\" href=\"https:\/\/mstchemicals.com\/it\/specialita\/\" \/>\n<meta property=\"og:locale\" content=\"it_IT\" \/>\n<meta property=\"og:type\" content=\"article\" \/>\n<meta property=\"og:title\" content=\"Impianti Specialit\u00e0 Acque Reflue | MST Chemicals\" \/>\n<meta property=\"og:description\" content=\"Scopri le specialit\u00e0 per impianti di trattamento acque reflue di MST Chemicals e le loro tecnologie pi\u00f9 avanzate, risciacquo ZLD e trattamento acque reflue.\" \/>\n<meta property=\"og:url\" content=\"https:\/\/mstchemicals.com\/it\/specialita\/\" \/>\n<meta property=\"og:site_name\" content=\"MST Chemicals\" \/>\n<meta property=\"article:modified_time\" content=\"2026-04-24T12:20:38+00:00\" \/>\n<meta property=\"og:image\" content=\"https:\/\/mstchemicals.com\/wp-content\/uploads\/wastewater-specialties-plants.webp\" \/>\n\t<meta property=\"og:image:width\" content=\"800\" \/>\n\t<meta property=\"og:image:height\" content=\"330\" \/>\n\t<meta property=\"og:image:type\" content=\"image\/webp\" \/>\n<meta name=\"twitter:card\" content=\"summary_large_image\" \/>\n<meta name=\"twitter:label1\" content=\"Tempo di lettura stimato\" \/>\n\t<meta name=\"twitter:data1\" content=\"2 minuti\" \/>\n<script type=\"application\/ld+json\" class=\"yoast-schema-graph\">{\"@context\":\"https:\\\/\\\/schema.org\",\"@graph\":[{\"@type\":\"WebPage\",\"@id\":\"https:\\\/\\\/mstchemicals.com\\\/it\\\/specialita\\\/\",\"url\":\"https:\\\/\\\/mstchemicals.com\\\/it\\\/specialita\\\/\",\"name\":\"Impianti Specialit\u00e0 Acque Reflue | MST Chemicals\",\"isPartOf\":{\"@id\":\"https:\\\/\\\/mstchemicals.com\\\/it\\\/#website\"},\"primaryImageOfPage\":{\"@id\":\"https:\\\/\\\/mstchemicals.com\\\/it\\\/specialita\\\/#primaryimage\"},\"image\":{\"@id\":\"https:\\\/\\\/mstchemicals.com\\\/it\\\/specialita\\\/#primaryimage\"},\"thumbnailUrl\":\"https:\\\/\\\/mstchemicals.com\\\/wp-content\\\/uploads\\\/wastewater-specialties-plants.webp\",\"datePublished\":\"2021-10-01T09:09:13+00:00\",\"dateModified\":\"2026-04-24T12:20:38+00:00\",\"description\":\"Scopri le specialit\u00e0 per impianti di trattamento acque reflue di MST Chemicals e le loro tecnologie pi\u00f9 avanzate, risciacquo ZLD e trattamento acque reflue.\",\"breadcrumb\":{\"@id\":\"https:\\\/\\\/mstchemicals.com\\\/it\\\/specialita\\\/#breadcrumb\"},\"inLanguage\":\"it-IT\",\"potentialAction\":[{\"@type\":\"ReadAction\",\"target\":[\"https:\\\/\\\/mstchemicals.com\\\/it\\\/specialita\\\/\"]}]},{\"@type\":\"ImageObject\",\"inLanguage\":\"it-IT\",\"@id\":\"https:\\\/\\\/mstchemicals.com\\\/it\\\/specialita\\\/#primaryimage\",\"url\":\"https:\\\/\\\/mstchemicals.com\\\/wp-content\\\/uploads\\\/wastewater-specialties-plants.webp\",\"contentUrl\":\"https:\\\/\\\/mstchemicals.com\\\/wp-content\\\/uploads\\\/wastewater-specialties-plants.webp\",\"width\":800,\"height\":330,\"caption\":\"wastewater specialties plants\"},{\"@type\":\"BreadcrumbList\",\"@id\":\"https:\\\/\\\/mstchemicals.com\\\/it\\\/specialita\\\/#breadcrumb\",\"itemListElement\":[{\"@type\":\"ListItem\",\"position\":1,\"name\":\"Home\",\"item\":\"https:\\\/\\\/mstchemicals.com\\\/it\\\/\"},{\"@type\":\"ListItem\",\"position\":2,\"name\":\"Specialit\u00e0\"}]},{\"@type\":\"WebSite\",\"@id\":\"https:\\\/\\\/mstchemicals.com\\\/it\\\/#website\",\"url\":\"https:\\\/\\\/mstchemicals.com\\\/it\\\/\",\"name\":\"MST Chemicals\",\"description\":\"Chemicals and Technologies for waste Water treatment &amp; Zero Liquid Discharge\",\"potentialAction\":[{\"@type\":\"SearchAction\",\"target\":{\"@type\":\"EntryPoint\",\"urlTemplate\":\"https:\\\/\\\/mstchemicals.com\\\/it\\\/?s={search_term_string}\"},\"query-input\":{\"@type\":\"PropertyValueSpecification\",\"valueRequired\":true,\"valueName\":\"search_term_string\"}}],\"inLanguage\":\"it-IT\"}]}<\/script>\n<!-- \/ Yoast SEO plugin. -->","yoast_head_json":{"title":"Impianti Specialit\u00e0 Acque Reflue | MST Chemicals","description":"Scopri le specialit\u00e0 per impianti di trattamento acque reflue di MST Chemicals e le loro tecnologie pi\u00f9 avanzate, risciacquo ZLD e trattamento acque reflue.","robots":{"index":"index","follow":"follow","max-snippet":"max-snippet:-1","max-image-preview":"max-image-preview:large","max-video-preview":"max-video-preview:-1"},"canonical":"https:\/\/mstchemicals.com\/it\/specialita\/","og_locale":"it_IT","og_type":"article","og_title":"Impianti Specialit\u00e0 Acque Reflue | MST Chemicals","og_description":"Scopri le specialit\u00e0 per impianti di trattamento acque reflue di MST Chemicals e le loro tecnologie pi\u00f9 avanzate, risciacquo ZLD e trattamento acque reflue.","og_url":"https:\/\/mstchemicals.com\/it\/specialita\/","og_site_name":"MST Chemicals","article_modified_time":"2026-04-24T12:20:38+00:00","og_image":[{"width":800,"height":330,"url":"https:\/\/mstchemicals.com\/wp-content\/uploads\/wastewater-specialties-plants.webp","type":"image\/webp"}],"twitter_card":"summary_large_image","twitter_misc":{"Tempo di lettura stimato":"2 minuti"},"schema":{"@context":"https:\/\/schema.org","@graph":[{"@type":"WebPage","@id":"https:\/\/mstchemicals.com\/it\/specialita\/","url":"https:\/\/mstchemicals.com\/it\/specialita\/","name":"Impianti Specialit\u00e0 Acque Reflue | MST Chemicals","isPartOf":{"@id":"https:\/\/mstchemicals.com\/it\/#website"},"primaryImageOfPage":{"@id":"https:\/\/mstchemicals.com\/it\/specialita\/#primaryimage"},"image":{"@id":"https:\/\/mstchemicals.com\/it\/specialita\/#primaryimage"},"thumbnailUrl":"https:\/\/mstchemicals.com\/wp-content\/uploads\/wastewater-specialties-plants.webp","datePublished":"2021-10-01T09:09:13+00:00","dateModified":"2026-04-24T12:20:38+00:00","description":"Scopri le specialit\u00e0 per impianti di trattamento acque reflue di MST Chemicals e le loro tecnologie pi\u00f9 avanzate, risciacquo ZLD e trattamento acque reflue.","breadcrumb":{"@id":"https:\/\/mstchemicals.com\/it\/specialita\/#breadcrumb"},"inLanguage":"it-IT","potentialAction":[{"@type":"ReadAction","target":["https:\/\/mstchemicals.com\/it\/specialita\/"]}]},{"@type":"ImageObject","inLanguage":"it-IT","@id":"https:\/\/mstchemicals.com\/it\/specialita\/#primaryimage","url":"https:\/\/mstchemicals.com\/wp-content\/uploads\/wastewater-specialties-plants.webp","contentUrl":"https:\/\/mstchemicals.com\/wp-content\/uploads\/wastewater-specialties-plants.webp","width":800,"height":330,"caption":"wastewater specialties plants"},{"@type":"BreadcrumbList","@id":"https:\/\/mstchemicals.com\/it\/specialita\/#breadcrumb","itemListElement":[{"@type":"ListItem","position":1,"name":"Home","item":"https:\/\/mstchemicals.com\/it\/"},{"@type":"ListItem","position":2,"name":"Specialit\u00e0"}]},{"@type":"WebSite","@id":"https:\/\/mstchemicals.com\/it\/#website","url":"https:\/\/mstchemicals.com\/it\/","name":"MST Chemicals","description":"Chemicals and Technologies for waste Water treatment &amp; Zero Liquid Discharge","potentialAction":[{"@type":"SearchAction","target":{"@type":"EntryPoint","urlTemplate":"https:\/\/mstchemicals.com\/it\/?s={search_term_string}"},"query-input":{"@type":"PropertyValueSpecification","valueRequired":true,"valueName":"search_term_string"}}],"inLanguage":"it-IT"}]}},"_links":{"self":[{"href":"https:\/\/mstchemicals.com\/it\/wp-json\/wp\/v2\/pages\/9826","targetHints":{"allow":["GET"]}}],"collection":[{"href":"https:\/\/mstchemicals.com\/it\/wp-json\/wp\/v2\/pages"}],"about":[{"href":"https:\/\/mstchemicals.com\/it\/wp-json\/wp\/v2\/types\/page"}],"author":[{"embeddable":true,"href":"https:\/\/mstchemicals.com\/it\/wp-json\/wp\/v2\/users\/1"}],"replies":[{"embeddable":true,"href":"https:\/\/mstchemicals.com\/it\/wp-json\/wp\/v2\/comments?post=9826"}],"version-history":[{"count":1,"href":"https:\/\/mstchemicals.com\/it\/wp-json\/wp\/v2\/pages\/9826\/revisions"}],"predecessor-version":[{"id":9959,"href":"https:\/\/mstchemicals.com\/it\/wp-json\/wp\/v2\/pages\/9826\/revisions\/9959"}],"wp:featuredmedia":[{"embeddable":true,"href":"https:\/\/mstchemicals.com\/it\/wp-json\/wp\/v2\/media\/9595"}],"wp:attachment":[{"href":"https:\/\/mstchemicals.com\/it\/wp-json\/wp\/v2\/media?parent=9826"}],"wp:term":[{"taxonomy":"category","embeddable":true,"href":"https:\/\/mstchemicals.com\/it\/wp-json\/wp\/v2\/categories?post=9826"},{"taxonomy":"post_tag","embeddable":true,"href":"https:\/\/mstchemicals.com\/it\/wp-json\/wp\/v2\/tags?post=9826"}],"curies":[{"name":"wp","href":"https:\/\/api.w.org\/{rel}","templated":true}]}}