{"id":9822,"date":"2021-11-04T17:04:07","date_gmt":"2021-11-04T16:04:07","guid":{"rendered":"https:\/\/mstchemicals.com\/trattamento-superfici-metalliche\/"},"modified":"2026-04-24T13:20:37","modified_gmt":"2026-04-24T12:20:37","slug":"trattamento-superfici-metalliche","status":"publish","type":"page","link":"https:\/\/mstchemicals.com\/it\/trattamento-superfici-metalliche\/","title":{"rendered":"Trattamento Chimico per la Finitura Metallica"},"content":{"rendered":"<section class=\"l-section wpb_row height_medium\"><div class=\"l-section-h i-cf\"><div class=\"g-cols via_flex valign_top type_default\"><div class=\"vc_col-sm-6 wpb_column vc_column_container\"><div class=\"vc_column-inner\"><div class=\"wpb_wrapper\"><h1 class=\"w-post-elm post_title prodotti-titolo align_left entry-title color_link_inherit\">Trattamento Chimico per la Finitura Metallica<\/h1><div class=\"wpb_text_column\"><div class=\"wpb_wrapper\"><p style=\"font-weight: 400;\">Che tu stia operando nel campo di:<\/p>\n<\/div><\/div><div class=\"w-separator size_small\"><\/div><div class=\"w-iconbox us_custom_4e55af8d related-activities-singolo has_text_color iconpos_left style_default color_secondary align_left no_text\"><div class=\"w-iconbox-icon\" style=\"font-size:1rem;\"><i class=\"fas fa-check\"><\/i><\/div><div class=\"w-iconbox-meta\"><h5 class=\"w-iconbox-title\">Pulizia<\/h5><\/div><\/div><div class=\"w-separator size_small\"><\/div><div class=\"w-iconbox us_custom_4e55af8d related-activities-singolo has_text_color iconpos_left style_default color_secondary align_left no_text\"><div class=\"w-iconbox-icon\" style=\"font-size:1rem;\"><i class=\"fas fa-check\"><\/i><\/div><div class=\"w-iconbox-meta\"><h5 class=\"w-iconbox-title\">Rivestimento<\/h5><\/div><\/div><div class=\"w-separator size_small\"><\/div><div class=\"w-iconbox us_custom_4e55af8d related-activities-singolo has_text_color iconpos_left style_default color_secondary align_left no_text\"><div class=\"w-iconbox-icon\" style=\"font-size:1rem;\"><i class=\"fas fa-check\"><\/i><\/div><div class=\"w-iconbox-meta\"><h5 class=\"w-iconbox-title\">Formatura Metallica<\/h5><\/div><\/div><div class=\"w-separator size_small\"><\/div><div class=\"w-iconbox us_custom_4e55af8d related-activities-singolo has_text_color iconpos_left style_default color_secondary align_left no_text\"><div class=\"w-iconbox-icon\" style=\"font-size:1rem;\"><i class=\"fas fa-check\"><\/i><\/div><div class=\"w-iconbox-meta\"><h5 class=\"w-iconbox-title\">Trattamento di qualsiasi substrato metallico<\/h5><\/div><\/div><div class=\"w-separator size_small\"><\/div><div class=\"wpb_text_column\"><div class=\"wpb_wrapper\"><p style=\"font-weight: 400;\"><strong>Il nostro obiettivo \u00e8 offrire una soluzione<\/strong>. MST \u00e8 un fornitore responsabile che utilizza materie prime sostenibili ogni volta che \u00e8 possibile.<\/p>\n<\/div><\/div><\/div><\/div><\/div><div class=\"vc_col-sm-6 wpb_column vc_column_container terzo margin-bottom colonna-pagina-generale-prodotto\"><div class=\"vc_column-inner\"><div class=\"wpb_wrapper\"><div class=\"w-iconbox prodotto-singolo-generale iconpos_left style_default color_secondary align_left no_title\"><div class=\"w-iconbox-icon\" style=\"font-size:1.7rem;\"><i class=\"fas fa-folder\"><\/i><\/div><div class=\"w-iconbox-meta\"><div class=\"w-iconbox-text\"><h2>Metal packaging brochure<\/h2>\n<p>Click here to download the brochure.<\/p>\n<\/div><\/div><\/div><div class=\"w-separator size_small\"><\/div><div class=\"w-btn-wrapper align_none\"><a class=\"w-btn us-btn-style_1 pulsante-pagina-generale-prodotti icon_atleft\" target=\"_blank\" href=\"\/wp-content\/uploads\/metal-packaging-brochure.pdf\" rel=\"noopener\"><i class=\"fas fa-download\"><\/i><span class=\"w-btn-label\">Scarica<\/span><\/a><\/div><\/div><\/div><\/div><\/div><\/div><\/section><section class=\"l-section wpb_row cta-riga-blocco height_medium width_full\"><div class=\"l-section-h i-cf\"><div class=\"g-cols via_flex valign_top type_default\"><div class=\"vc_col-sm-12 wpb_column vc_column_container\"><div class=\"vc_column-inner\"><div class=\"wpb_wrapper\"><section class=\"l-section wpb_row height_small color_primary\" id=\"fourth\"><div class=\"l-section-h i-cf\"><div class=\"g-cols via_flex valign_top type_default\"><div class=\"vc_col-sm-12 wpb_column vc_column_container\"><div class=\"vc_column-inner\"><div class=\"wpb_wrapper\"><div class=\"w-actionbox cta-contact color_primary controls_right\"><div class=\"w-actionbox-text\"><p class=\"w-actionbox-title\">Hai delle domande?<\/p><div class=\"w-actionbox-description\"><p>Se hai domande o hai bisogno di ulteriori informazioni, clicca il pulsante qui sotto e compila il modulo di contatto.<\/p>\n<\/div><\/div><div class=\"w-actionbox-controls\"><a class=\"w-btn us-btn-style_4\" title=\"Contattaci\" href=\"\/it\/contact\/\" style=\"font-size:1rem;\"><span class=\"w-btn-label\">Contattaci<\/span><\/a><a class=\"w-btn us-btn-style_2\" href=\"tel:+390298264351\"><span class=\"w-btn-label\">Chiamaci<\/span><\/a><\/div><\/div><\/div><\/div><\/div><\/div><\/div><\/section>\n<\/div><\/div><\/div><\/div><\/div><\/section>\n","protected":false},"excerpt":{"rendered":"Trattamento Chimico per la Finitura MetallicaChe tu stia operando nel campo di: PuliziaRivestimentoFormatura MetallicaTrattamento di qualsiasi substrato metallicoIl nostro obiettivo \u00e8 offrire una soluzione. MST \u00e8 un fornitore responsabile che utilizza materie prime sostenibili ogni volta che \u00e8 possibile. Metal packaging brochure Click here to download the brochure. ScaricaHai delle domande?Se hai domande o hai...","protected":false},"author":1,"featured_media":9594,"parent":0,"menu_order":0,"comment_status":"closed","ping_status":"closed","template":"","meta":{"footnotes":""},"categories":[],"tags":[],"class_list":["post-9822","page","type-page","status-publish","has-post-thumbnail","hentry"],"yoast_head":"<!-- This site is optimized with the Yoast SEO plugin v27.6 - https:\/\/yoast.com\/product\/yoast-seo-wordpress\/ -->\n<title>Trattamento Chimico per la Finitura Metallica | MST Chemicals<\/title>\n<meta name=\"description\" content=\"MST si occupa del trattamento superficiale dei metalli, trovando soluzioni per pulizia, rivestimento e formatura di qualsiasi substrato metallico.\" \/>\n<meta name=\"robots\" content=\"index, follow, max-snippet:-1, max-image-preview:large, max-video-preview:-1\" \/>\n<link rel=\"canonical\" href=\"https:\/\/mstchemicals.com\/it\/trattamento-superfici-metalliche\/\" \/>\n<meta property=\"og:locale\" content=\"it_IT\" \/>\n<meta property=\"og:type\" content=\"article\" \/>\n<meta property=\"og:title\" content=\"Trattamento Chimico per la Finitura Metallica | MST Chemicals\" \/>\n<meta property=\"og:description\" content=\"MST si occupa del trattamento superficiale dei metalli, trovando soluzioni per pulizia, rivestimento e formatura di qualsiasi substrato metallico.\" \/>\n<meta property=\"og:url\" content=\"https:\/\/mstchemicals.com\/it\/trattamento-superfici-metalliche\/\" \/>\n<meta property=\"og:site_name\" content=\"MST Chemicals\" \/>\n<meta property=\"article:modified_time\" content=\"2026-04-24T12:20:37+00:00\" \/>\n<meta property=\"og:image\" content=\"https:\/\/mstchemicals.com\/wp-content\/uploads\/mst-chemicals-metal-surface-treatment.webp\" \/>\n\t<meta property=\"og:image:width\" content=\"1500\" \/>\n\t<meta property=\"og:image:height\" content=\"791\" \/>\n\t<meta property=\"og:image:type\" content=\"image\/webp\" \/>\n<meta name=\"twitter:card\" content=\"summary_large_image\" \/>\n<meta name=\"twitter:label1\" content=\"Tempo di lettura stimato\" \/>\n\t<meta name=\"twitter:data1\" content=\"2 minuti\" \/>\n<script type=\"application\/ld+json\" class=\"yoast-schema-graph\">{\"@context\":\"https:\\\/\\\/schema.org\",\"@graph\":[{\"@type\":\"WebPage\",\"@id\":\"https:\\\/\\\/mstchemicals.com\\\/it\\\/trattamento-superfici-metalliche\\\/\",\"url\":\"https:\\\/\\\/mstchemicals.com\\\/it\\\/trattamento-superfici-metalliche\\\/\",\"name\":\"Trattamento Chimico per la Finitura Metallica | MST Chemicals\",\"isPartOf\":{\"@id\":\"https:\\\/\\\/mstchemicals.com\\\/it\\\/#website\"},\"primaryImageOfPage\":{\"@id\":\"https:\\\/\\\/mstchemicals.com\\\/it\\\/trattamento-superfici-metalliche\\\/#primaryimage\"},\"image\":{\"@id\":\"https:\\\/\\\/mstchemicals.com\\\/it\\\/trattamento-superfici-metalliche\\\/#primaryimage\"},\"thumbnailUrl\":\"https:\\\/\\\/mstchemicals.com\\\/wp-content\\\/uploads\\\/mst-chemicals-metal-surface-treatment.webp\",\"datePublished\":\"2021-11-04T16:04:07+00:00\",\"dateModified\":\"2026-04-24T12:20:37+00:00\",\"description\":\"MST si occupa del trattamento superficiale dei metalli, trovando soluzioni per pulizia, rivestimento e formatura di qualsiasi substrato metallico.\",\"breadcrumb\":{\"@id\":\"https:\\\/\\\/mstchemicals.com\\\/it\\\/trattamento-superfici-metalliche\\\/#breadcrumb\"},\"inLanguage\":\"it-IT\",\"potentialAction\":[{\"@type\":\"ReadAction\",\"target\":[\"https:\\\/\\\/mstchemicals.com\\\/it\\\/trattamento-superfici-metalliche\\\/\"]}]},{\"@type\":\"ImageObject\",\"inLanguage\":\"it-IT\",\"@id\":\"https:\\\/\\\/mstchemicals.com\\\/it\\\/trattamento-superfici-metalliche\\\/#primaryimage\",\"url\":\"https:\\\/\\\/mstchemicals.com\\\/wp-content\\\/uploads\\\/mst-chemicals-metal-surface-treatment.webp\",\"contentUrl\":\"https:\\\/\\\/mstchemicals.com\\\/wp-content\\\/uploads\\\/mst-chemicals-metal-surface-treatment.webp\",\"width\":1500,\"height\":791,\"caption\":\"mst chemicals metal surface treatment\"},{\"@type\":\"BreadcrumbList\",\"@id\":\"https:\\\/\\\/mstchemicals.com\\\/it\\\/trattamento-superfici-metalliche\\\/#breadcrumb\",\"itemListElement\":[{\"@type\":\"ListItem\",\"position\":1,\"name\":\"Home\",\"item\":\"https:\\\/\\\/mstchemicals.com\\\/it\\\/\"},{\"@type\":\"ListItem\",\"position\":2,\"name\":\"Trattamento Chimico per la Finitura Metallica\"}]},{\"@type\":\"WebSite\",\"@id\":\"https:\\\/\\\/mstchemicals.com\\\/it\\\/#website\",\"url\":\"https:\\\/\\\/mstchemicals.com\\\/it\\\/\",\"name\":\"MST Chemicals\",\"description\":\"Chemicals and Technologies for waste Water treatment &amp; Zero Liquid Discharge\",\"potentialAction\":[{\"@type\":\"SearchAction\",\"target\":{\"@type\":\"EntryPoint\",\"urlTemplate\":\"https:\\\/\\\/mstchemicals.com\\\/it\\\/?s={search_term_string}\"},\"query-input\":{\"@type\":\"PropertyValueSpecification\",\"valueRequired\":true,\"valueName\":\"search_term_string\"}}],\"inLanguage\":\"it-IT\"}]}<\/script>\n<!-- \/ Yoast SEO plugin. -->","yoast_head_json":{"title":"Trattamento Chimico per la Finitura Metallica | MST Chemicals","description":"MST si occupa del trattamento superficiale dei metalli, trovando soluzioni per pulizia, rivestimento e formatura di qualsiasi substrato metallico.","robots":{"index":"index","follow":"follow","max-snippet":"max-snippet:-1","max-image-preview":"max-image-preview:large","max-video-preview":"max-video-preview:-1"},"canonical":"https:\/\/mstchemicals.com\/it\/trattamento-superfici-metalliche\/","og_locale":"it_IT","og_type":"article","og_title":"Trattamento Chimico per la Finitura Metallica | MST Chemicals","og_description":"MST si occupa del trattamento superficiale dei metalli, trovando soluzioni per pulizia, rivestimento e formatura di qualsiasi substrato metallico.","og_url":"https:\/\/mstchemicals.com\/it\/trattamento-superfici-metalliche\/","og_site_name":"MST Chemicals","article_modified_time":"2026-04-24T12:20:37+00:00","og_image":[{"width":1500,"height":791,"url":"https:\/\/mstchemicals.com\/wp-content\/uploads\/mst-chemicals-metal-surface-treatment.webp","type":"image\/webp"}],"twitter_card":"summary_large_image","twitter_misc":{"Tempo di lettura stimato":"2 minuti"},"schema":{"@context":"https:\/\/schema.org","@graph":[{"@type":"WebPage","@id":"https:\/\/mstchemicals.com\/it\/trattamento-superfici-metalliche\/","url":"https:\/\/mstchemicals.com\/it\/trattamento-superfici-metalliche\/","name":"Trattamento Chimico per la Finitura Metallica | MST Chemicals","isPartOf":{"@id":"https:\/\/mstchemicals.com\/it\/#website"},"primaryImageOfPage":{"@id":"https:\/\/mstchemicals.com\/it\/trattamento-superfici-metalliche\/#primaryimage"},"image":{"@id":"https:\/\/mstchemicals.com\/it\/trattamento-superfici-metalliche\/#primaryimage"},"thumbnailUrl":"https:\/\/mstchemicals.com\/wp-content\/uploads\/mst-chemicals-metal-surface-treatment.webp","datePublished":"2021-11-04T16:04:07+00:00","dateModified":"2026-04-24T12:20:37+00:00","description":"MST si occupa del trattamento superficiale dei metalli, trovando soluzioni per pulizia, rivestimento e formatura di qualsiasi substrato metallico.","breadcrumb":{"@id":"https:\/\/mstchemicals.com\/it\/trattamento-superfici-metalliche\/#breadcrumb"},"inLanguage":"it-IT","potentialAction":[{"@type":"ReadAction","target":["https:\/\/mstchemicals.com\/it\/trattamento-superfici-metalliche\/"]}]},{"@type":"ImageObject","inLanguage":"it-IT","@id":"https:\/\/mstchemicals.com\/it\/trattamento-superfici-metalliche\/#primaryimage","url":"https:\/\/mstchemicals.com\/wp-content\/uploads\/mst-chemicals-metal-surface-treatment.webp","contentUrl":"https:\/\/mstchemicals.com\/wp-content\/uploads\/mst-chemicals-metal-surface-treatment.webp","width":1500,"height":791,"caption":"mst chemicals metal surface treatment"},{"@type":"BreadcrumbList","@id":"https:\/\/mstchemicals.com\/it\/trattamento-superfici-metalliche\/#breadcrumb","itemListElement":[{"@type":"ListItem","position":1,"name":"Home","item":"https:\/\/mstchemicals.com\/it\/"},{"@type":"ListItem","position":2,"name":"Trattamento Chimico per la Finitura Metallica"}]},{"@type":"WebSite","@id":"https:\/\/mstchemicals.com\/it\/#website","url":"https:\/\/mstchemicals.com\/it\/","name":"MST Chemicals","description":"Chemicals and Technologies for waste Water treatment &amp; Zero Liquid Discharge","potentialAction":[{"@type":"SearchAction","target":{"@type":"EntryPoint","urlTemplate":"https:\/\/mstchemicals.com\/it\/?s={search_term_string}"},"query-input":{"@type":"PropertyValueSpecification","valueRequired":true,"valueName":"search_term_string"}}],"inLanguage":"it-IT"}]}},"_links":{"self":[{"href":"https:\/\/mstchemicals.com\/it\/wp-json\/wp\/v2\/pages\/9822","targetHints":{"allow":["GET"]}}],"collection":[{"href":"https:\/\/mstchemicals.com\/it\/wp-json\/wp\/v2\/pages"}],"about":[{"href":"https:\/\/mstchemicals.com\/it\/wp-json\/wp\/v2\/types\/page"}],"author":[{"embeddable":true,"href":"https:\/\/mstchemicals.com\/it\/wp-json\/wp\/v2\/users\/1"}],"replies":[{"embeddable":true,"href":"https:\/\/mstchemicals.com\/it\/wp-json\/wp\/v2\/comments?post=9822"}],"version-history":[{"count":1,"href":"https:\/\/mstchemicals.com\/it\/wp-json\/wp\/v2\/pages\/9822\/revisions"}],"predecessor-version":[{"id":9954,"href":"https:\/\/mstchemicals.com\/it\/wp-json\/wp\/v2\/pages\/9822\/revisions\/9954"}],"wp:featuredmedia":[{"embeddable":true,"href":"https:\/\/mstchemicals.com\/it\/wp-json\/wp\/v2\/media\/9594"}],"wp:attachment":[{"href":"https:\/\/mstchemicals.com\/it\/wp-json\/wp\/v2\/media?parent=9822"}],"wp:term":[{"taxonomy":"category","embeddable":true,"href":"https:\/\/mstchemicals.com\/it\/wp-json\/wp\/v2\/categories?post=9822"},{"taxonomy":"post_tag","embeddable":true,"href":"https:\/\/mstchemicals.com\/it\/wp-json\/wp\/v2\/tags?post=9822"}],"curies":[{"name":"wp","href":"https:\/\/api.w.org\/{rel}","templated":true}]}}